{"id":4433,"date":"2026-01-30T16:05:33","date_gmt":"2026-01-30T15:05:33","guid":{"rendered":"https:\/\/preventademo.uccpilot.com\/ueber-vetera-ddw-25\/"},"modified":"2026-02-12T14:43:29","modified_gmt":"2026-02-12T13:43:29","slug":"ueber-preventa","status":"publish","type":"page","link":"https:\/\/preventademo.uccpilot.com\/de\/ueber-preventa\/","title":{"rendered":"\u00dcber Preventa"},"content":{"rendered":"<div id=\"pl-4433\"  class=\"panel-layout\" ><div id=\"pg-4433-0\"  class=\"panel-grid panel-has-style\" ><div style=\"padding: 0px 0; \" data-overlay=\"true\" data-overlay-color=\"#000000\" class=\"panel-row-style panel-row-style-for-4433-0\" ><div id=\"pgc-4433-0-0\"  class=\"panel-grid-cell\" ><div id=\"panel-4433-0-0-0\" class=\"so-panel widget widget_sow-editor panel-first-child panel-last-child\" data-index=\"0\" ><div style=\"text-align: left;\" data-title-color=\"#443f3f\" data-headings-color=\"#443f3f\" class=\"panel-widget-style panel-widget-style-for-4433-0-0-0\" ><div\n\t\t\t\n\t\t\tclass=\"so-widget-sow-editor so-widget-sow-editor-base\"\n\t\t\t\n\t\t><h3 class=\"widget-title\">\u00dcber Preventa<\/h3>\n<div class=\"siteorigin-widget-tinymce textwidget\">\n\t<p class=\"has-text-align-justify\">Preventa ist die welterste Trinkwasser-Produktfamilie mit vermindertem\u00a0Deuteriumgehalt, die auf der Grundlage internationaler Patente der HYD GmbH f\u00fcr Krebsforschung und Arzneimittel-Entwicklung entwickelt wurde. Preventa ist die Marke mit der l\u00e4ngsten Geschichte, der h\u00f6chsten Nachfrage und der gr\u00f6\u00dften Zuverl\u00e4ssigkeit in dieser Kategorie und bietet das breiteste Sortiment an\u00a0deuterium-abgereicherten Trinkwasser.<\/p>\n<p class=\"has-text-align-justify\">Ein weiteres Produkt der Marke Preventa ist das\u00a0deuterium-abgereicherte Nahrungserg\u00e4nzungsmittel von HYD GmbH, die Preventa Austernpilzkapseln. Dies ist das einzige 100% nat\u00fcrliche Austernpilz-Produkt, das aus Anbau mit Wasser von vermindertem, 85 ppm\u00a0Deuteriumgehalt\u00a0stammt.<\/p>\n<p class=\"has-text-align-justify\">Durch Konsum der Preventa-Produkte kann der\u00a0Deuteriumgehalt\u00a0des Organismus wirksam gemindert und auf einem niedrigeren Spiegel gehalten werden.<\/p>\n<\/div>\n<\/div><\/div><\/div><\/div><\/div><\/div><div id=\"pg-4433-1\"  class=\"panel-grid panel-has-style\" ><div class=\"justifytext panel-row-style panel-row-style-for-4433-1\" style=\"padding: 0px 0; \" data-overlay=\"true\" data-overlay-color=\"#000000\" ><div id=\"pgc-4433-1-0\"  class=\"panel-grid-cell\" ><div id=\"panel-4433-1-0-0\" class=\"so-panel widget widget_sow-editor panel-first-child panel-last-child\" data-index=\"1\" ><div style=\"text-align: left;\" data-title-color=\"#443f3f\" data-headings-color=\"#443f3f\" class=\"panel-widget-style panel-widget-style-for-4433-1-0-0\" ><div\n\t\t\t\n\t\t\tclass=\"so-widget-sow-editor so-widget-sow-editor-base\"\n\t\t\t\n\t\t><h3 class=\"widget-title\">Preventa Trinkwasser mit vermindertem Deuteriumgehalt<\/h3>\n<div class=\"siteorigin-widget-tinymce textwidget\">\n\t<div id=\"inner_content-3-165\" class=\"ct-inner-content\">\n<p class=\"has-text-align-justify\"><img loading=\"lazy\" decoding=\"async\" class=\"alignright size-full wp-image-4859\" src=\"https:\/\/preventademo.uccpilot.com\/wp-content\/uploads\/2026\/02\/sor_2-300x179-1.jpg\" alt=\"\" width=\"300\" height=\"179\" \/>Die ersten Preventa Trinkwasser-Produkte wurden von der Budapester\u00a0Veterin\u0101rgesundheits- und Lebensmittelkontrollstation basierend auf dem Gutachten des Fodor J\u00f3zsef Nationalen Zentrums f\u00fcr \u00f6ffentliche Gesundheit des Instituts f\u00fcr Umweltgesundheit, und gest\u00fctzt auf den Beschluss des Nationalen Instituts f\u00fcr Lebensmittel und Ern\u00e4hrung in 1999 zugelassen, bis 2014 wurde die Produktfamilie auf sechs Mitglieder erweitert.<\/p>\n<p class=\"has-text-align-justify\">Die Preventa Trinkwasser enthalten 125, 105, 85, 65, 45 und\u00a025\u00a0ppm*\u00a0Deuterium,\u00a0um 15.94% weniger als\u00a0Oberfl\u0101chengew\u0101sser. Die Zahlen auf den Etiketten der Produkte geben den\u00a0Deuteriumgehalt\u00a0des angegebenen Trinkwassers in ppm-Einheiten an. Dementsprechend\u00a0enth\u00e4lt\u00a0Preventa 125, 125 ppm, Preventa 105\u00a0enth\u00e4lt\u00a0105 ppm und Preventa 85\u00a0enth\u00e4lt\u00a085 ppm Deuterium. Je niedriger der Wert auf dem Etikett ist, desto deutlicher kann durch den Konsum vom Wasser eine Reduzierung des\u00a0Deuteriumspiegels\u00a0des K\u00f6rpers erreicht werden. Mit der richtigen Produktauswahl kann der Prozess in unserem Organismus lange aufrechterhalten werden.<\/p>\n<p class=\"has-text-align-justify\">Neben dem\u00a0deuterium-abgereicherten Wasseranteil enth\u00e4lt Preventa als Zusatzwasser hochwertiges, nat\u00fcrliches Mineralwasser.<\/p>\n<p class=\"has-text-align-justify\">*\u00a0Der\u00a0Deuteriumgehalt\u00a0von\u00a0Wasser\u00a0wird\u00a0in \u201eppm\u201d-Einheiten\u00a0(parts\u00a0per\u00a0million)\u00a0gemessen,\u00a0was\u00a0angibt,\u00a0wie viele aus einer Million Wassersstoffatomen (H) Deuterium (D),\u00a0bzw. aus einer Million Wassermolek\u00fclen (H<sub>2<\/sub>O) Schwerwasser (D<sub>2<\/sub>O) sind. Der\u00a0Deuteriumgehalt\u00a0von nat\u00fcrlichen Gew\u00e4ssern in Ungarn variiert zwischen 140 - 150 ppm.<\/p>\n<\/div>\n<\/div>\n<\/div><\/div><\/div><\/div><\/div><\/div><div id=\"pg-4433-2\"  class=\"panel-grid panel-has-style\" ><div class=\"justifytext panel-row-style panel-row-style-for-4433-2\" style=\"padding: 0px 0; \" data-overlay=\"true\" data-overlay-color=\"#000000\" ><div id=\"pgc-4433-2-0\"  class=\"panel-grid-cell\" ><div id=\"panel-4433-2-0-0\" class=\"so-panel widget widget_sow-editor panel-first-child panel-last-child\" data-index=\"2\" ><div style=\"text-align: left;\" data-title-color=\"#443f3f\" data-headings-color=\"#443f3f\" class=\"panel-widget-style panel-widget-style-for-4433-2-0-0\" ><div\n\t\t\t\n\t\t\tclass=\"so-widget-sow-editor so-widget-sow-editor-base\"\n\t\t\t\n\t\t><h3 class=\"widget-title\">Preventa deuterium-abgereichertes Nahrungserg\u0101nzungsmittel<\/h3>\n<div class=\"siteorigin-widget-tinymce textwidget\">\n\t<p class=\"has-text-align-justify\"><img loading=\"lazy\" decoding=\"async\" class=\"alignright size-full wp-image-4860\" src=\"https:\/\/preventademo.uccpilot.com\/wp-content\/uploads\/2026\/02\/preventa_laskagomba_kapszula-178x300-1.jpg\" alt=\"\" width=\"178\" height=\"300\" \/>Preventa Austernpilzkapseln, das\u00a0deuterium-abgereicherte Nahrungserg\u00e4nzungsmittel von HYD GmbH (Notifizierungsnummer: 24917\/2020 OGY\u00c9I), ist das einzige 100% nat\u00fcrliche Austernpilz-Produkt, das aus Anbau mit Wasser von vermindertem, 85 ppm\u00a0Deuteriumgehalt\u00a0stammt. Die organischen Molek\u00fcle des Pilzmehls enthalten eine niedrigere Menge von Deuterium, so dass dessen Verzehr zur Verminderung des\u00a0Deuteriumgehalts\u00a0im K\u00f6rper beitr\u00e4gt.<\/p>\n<p class=\"has-text-align-justify\"><em>Die Lebensmittelprodukte mit verminderten Deuteriumgehalt sind keine Arzneimittel, laut geltender Rechtsvorschriften darf denen keine Heilwirkung zugeschrieben werden.<\/em><\/p>\n<\/div>\n<\/div><\/div><\/div><\/div><\/div><\/div><\/div>","protected":false},"excerpt":{"rendered":"<p>Preventa ist die welterste Trinkwasser-Produktfamilie mit vermindertem\u00a0Deuteriumgehalt, die auf der Grundlage internationaler Patente der HYD GmbH f\u00fcr Krebsforschung und Arzneimittel-Entwicklung entwickelt wurde. [&hellip;]<\/p>\n","protected":false},"author":1,"featured_media":0,"parent":0,"menu_order":0,"comment_status":"closed","ping_status":"closed","template":"page-templates\/page_front-page.php","meta":{"_acf_changed":false,"footnotes":""},"class_list":["post-4433","page","type-page","status-publish","hentry"],"acf":[],"_links":{"self":[{"href":"https:\/\/preventademo.uccpilot.com\/de\/wp-json\/wp\/v2\/pages\/4433","targetHints":{"allow":["GET"]}}],"collection":[{"href":"https:\/\/preventademo.uccpilot.com\/de\/wp-json\/wp\/v2\/pages"}],"about":[{"href":"https:\/\/preventademo.uccpilot.com\/de\/wp-json\/wp\/v2\/types\/page"}],"author":[{"embeddable":true,"href":"https:\/\/preventademo.uccpilot.com\/de\/wp-json\/wp\/v2\/users\/1"}],"replies":[{"embeddable":true,"href":"https:\/\/preventademo.uccpilot.com\/de\/wp-json\/wp\/v2\/comments?post=4433"}],"version-history":[{"count":3,"href":"https:\/\/preventademo.uccpilot.com\/de\/wp-json\/wp\/v2\/pages\/4433\/revisions"}],"predecessor-version":[{"id":4866,"href":"https:\/\/preventademo.uccpilot.com\/de\/wp-json\/wp\/v2\/pages\/4433\/revisions\/4866"}],"wp:attachment":[{"href":"https:\/\/preventademo.uccpilot.com\/de\/wp-json\/wp\/v2\/media?parent=4433"}],"curies":[{"name":"wp","href":"https:\/\/api.w.org\/{rel}","templated":true}]}}