{"id":4440,"date":"2026-01-30T16:09:42","date_gmt":"2026-01-30T15:09:42","guid":{"rendered":"https:\/\/preventademo.uccpilot.com\/uber-vetera-ddw-25\/fallberichte\/"},"modified":"2026-02-12T14:49:16","modified_gmt":"2026-02-12T13:49:16","slug":"preventa-qualitaet","status":"publish","type":"page","link":"https:\/\/preventademo.uccpilot.com\/de\/ueber-preventa\/preventa-qualitaet\/","title":{"rendered":"Preventa-Qualit\u00e4t"},"content":{"rendered":"<div id=\"pl-4440\"  class=\"panel-layout\" ><div id=\"pg-4440-0\"  class=\"panel-grid panel-has-style\" ><div style=\"padding: 0px 0; \" data-overlay=\"true\" data-overlay-color=\"#000000\" class=\"panel-row-style panel-row-style-for-4440-0\" ><div id=\"pgc-4440-0-0\"  class=\"panel-grid-cell\" ><div id=\"panel-4440-0-0-0\" class=\"so-panel widget widget_sow-editor panel-first-child panel-last-child\" data-index=\"0\" ><div style=\"text-align: left;\" data-title-color=\"#443f3f\" data-headings-color=\"#443f3f\" class=\"panel-widget-style panel-widget-style-for-4440-0-0-0\" ><div\n\t\t\t\n\t\t\tclass=\"so-widget-sow-editor so-widget-sow-editor-base\"\n\t\t\t\n\t\t><h3 class=\"widget-title\">Preventa-Qualit\u00e4t<\/h3>\n<div class=\"siteorigin-widget-tinymce textwidget\">\n\t<div id=\"inner_content-3-165\" class=\"ct-inner-content\">\n<p class=\"has-text-align-justify\">Das international gesch\u00fctzte, deuterium-abgereicherte Trinkwasser von Preventa ist ein Premiumprodukt, dessen zuverl\u00e4ssige Qualit\u00e4t von akkreditierten Labors gepr\u00fcft und zertifiziert wird.<\/p>\n<p class=\"has-text-align-justify\">Der Deuteriumgehalt von Preventa-Produkten wird durch ein validiertes Messverfahren mit einem Laser-Wasser-Isotopen-Analysator, mit einer Messgenauigkeit von 1 ppm gemessen. Die mikrobiologische Reinheit vom Preventa deuterium-abgereicherten Trinkwasser wird in einem akkreditierten pharmazeutischen Labor \u00fcberpr\u00fcft. Wir registrieren die Ergebnisse der Labortests, die Qualit\u00e4tszertifikate f\u00fcr jede Produktionscharge k\u00f6nnen am Hauptsitz der HYD GmbH abgerufen und eingesehen werden.<\/p>\n<p class=\"has-text-align-justify\">Die Preventa deuterium-abgereicherte Trinkwasser enthalten hochwertiges, nat\u00fcrliches Mineralwasser als Zusatzwasser, und die Produktfamilie ist seit mehr als zwei Jahrzehnten Marktf\u00fchrer bei deuterium-abgereicherten Trinkwasser.<\/p>\n<\/div>\n<\/div>\n<\/div><\/div><\/div><\/div><\/div><\/div><\/div>","protected":false},"excerpt":{"rendered":"<p>Das international gesch\u00fctzte, deuterium-abgereicherte Trinkwasser von Preventa ist ein Premiumprodukt, dessen zuverl\u00e4ssige Qualit\u00e4t von akkreditierten Labors gepr\u00fcft und zertifiziert wird. Der Deuteriumgehalt [&hellip;]<\/p>\n","protected":false},"author":1,"featured_media":0,"parent":4433,"menu_order":0,"comment_status":"closed","ping_status":"closed","template":"page-templates\/page_front-page.php","meta":{"_acf_changed":false,"footnotes":""},"class_list":["post-4440","page","type-page","status-publish","hentry"],"acf":[],"_links":{"self":[{"href":"https:\/\/preventademo.uccpilot.com\/de\/wp-json\/wp\/v2\/pages\/4440","targetHints":{"allow":["GET"]}}],"collection":[{"href":"https:\/\/preventademo.uccpilot.com\/de\/wp-json\/wp\/v2\/pages"}],"about":[{"href":"https:\/\/preventademo.uccpilot.com\/de\/wp-json\/wp\/v2\/types\/page"}],"author":[{"embeddable":true,"href":"https:\/\/preventademo.uccpilot.com\/de\/wp-json\/wp\/v2\/users\/1"}],"replies":[{"embeddable":true,"href":"https:\/\/preventademo.uccpilot.com\/de\/wp-json\/wp\/v2\/comments?post=4440"}],"version-history":[{"count":3,"href":"https:\/\/preventademo.uccpilot.com\/de\/wp-json\/wp\/v2\/pages\/4440\/revisions"}],"predecessor-version":[{"id":4873,"href":"https:\/\/preventademo.uccpilot.com\/de\/wp-json\/wp\/v2\/pages\/4440\/revisions\/4873"}],"up":[{"embeddable":true,"href":"https:\/\/preventademo.uccpilot.com\/de\/wp-json\/wp\/v2\/pages\/4433"}],"wp:attachment":[{"href":"https:\/\/preventademo.uccpilot.com\/de\/wp-json\/wp\/v2\/media?parent=4440"}],"curies":[{"name":"wp","href":"https:\/\/api.w.org\/{rel}","templated":true}]}}