{"id":4448,"date":"2026-01-30T16:57:29","date_gmt":"2026-01-30T15:57:29","guid":{"rendered":"https:\/\/preventademo.uccpilot.com\/uber-vetera-ddw-25\/ueber-die-entwicklungsfirma\/"},"modified":"2026-02-12T14:54:57","modified_gmt":"2026-02-12T13:54:57","slug":"uber-die-entwicklungsfirma","status":"publish","type":"page","link":"https:\/\/preventademo.uccpilot.com\/de\/ueber-preventa\/uber-die-entwicklungsfirma\/","title":{"rendered":"\u00dcber die Entwicklungsfirma"},"content":{"rendered":"<div id=\"pl-4448\"  class=\"panel-layout\" ><div id=\"pg-4448-0\"  class=\"panel-grid panel-has-style\" ><div class=\"justifytext panel-row-style panel-row-style-for-4448-0\" style=\"padding: 0px 0; \" data-overlay=\"true\" data-overlay-color=\"#000000\" ><div id=\"pgc-4448-0-0\"  class=\"panel-grid-cell\" ><div id=\"panel-4448-0-0-0\" class=\"so-panel widget widget_sow-editor panel-first-child panel-last-child\" data-index=\"0\" ><div style=\"text-align: left;\" data-title-color=\"#443f3f\" data-headings-color=\"#443f3f\" class=\"panel-widget-style panel-widget-style-for-4448-0-0-0\" ><div\n\t\t\t\n\t\t\tclass=\"so-widget-sow-editor so-widget-sow-editor-base\"\n\t\t\t\n\t\t><h3 class=\"widget-title\">\u00dcber die Entwicklungsfirma<\/h3>\n<div class=\"siteorigin-widget-tinymce textwidget\">\n\t<div id=\"inner_content-3-165\" class=\"ct-inner-content\">\n<div id=\"inner_content-3-165\" class=\"ct-inner-content\">\n<p class=\"has-text-align-justify\">Die HYD GmbH f\u00fcr Krebsforschung und Arzneimittel-Entwicklung koordiniert seit 1993 in Deuteriumentzug aufgebauten Forschungen und Produktentwicklungen und war weltweit die Erste, die die biologische Rolle des nat\u00fcrlich vorkommenden Deuteriums untersuchte. Das Ziel der Firma ist neue Produkte mit niedrigeren Deuteriumgehalt zu entwickeln und registrieren.<\/p>\n<p class=\"has-text-align-justify\">Die HYD GmbH vertrieb die Produktgruppe Preventa\u00ae deuterium-abgereichertes Trinkwasser in 1999 und trat mit ihren Entwicklungen in 2001 auf die internationalen B\u00fchne. Die deuterium-abgereicherten Produkte von HYD erreichten mehr, als 50 L\u0101nder.<\/p>\n<p><strong>Die Meilensteinen der Firmengeschichte mit den gr\u00f6\u00dferen Errungenschaften, Preisen und Anerkennungen:<\/strong><\/p>\n<p class=\"has-text-align-justify\"><strong>1996<\/strong>\u00a0\u2013 Ein Patent von HYD erhielt einen Preis auf der Patentenausstellung Genius \u201996.<\/p>\n<p><strong>1998<\/strong>\u00a0\u2013 Ein Patent von HYD erhielt einen Preis auf der Patentenausstellung Genius First Inventors\u2019 Olympic Games.<\/p>\n<p><strong>2002<\/strong>\u00a0\u2013 Im Wettbewerb der Buchpr\u00fcfergesellschaft Deloitte &amp; Touche f\u00fcr die am schnellsten entwickelnden Firmen hat HYD GmbH 2002 in Mittel\/Osteuropa den 9. Platz erreicht, in der Region Europa\u2013Nahe Osten\u2013Afrika wurde sie 40. Die Leiter der ersten 500 Firmen erhielten die Preise im November 2002 in London.<\/p>\n<p><strong>2003<\/strong>\u00a0\u2013 HYD GmbH konnte sich im Fernsehkanal EuroNews vorstellen, die Sendung wurde auf f\u00fcnf Sprachen gestrahlt.<\/p>\n<p><strong>2005<\/strong>\u00a0\u2013 Das von HYD entwickelte Preventa\u00ae Trinkwasser mit vermindertem Deuteriumgehalt holte sich den ersten Preis auf dem internationalen Innovationswettbewerb \u201eNew Foods\u201c. Die Wichtigkeit der Forschung und der aus deuterium-abgereichertem Wasser hergestellten Produkte in der Gesundheitserhaltung wurde vom Preisgericht besonders betont.<\/p>\n<p><strong>2012<\/strong>\u00a0\u2013 Primus Capital schloss mit der Mutterfirma von HYD GmbH, HYD Pharma GmbH, einen Investitionsvertrag von 400 Millionen HUF ab.<\/p>\n<p><strong>2014<\/strong>\u00a0\u2013 Die Marke und das Produktdesign von Preventa wurden erneuert. Die neue Produktgruppe und die neuesten Verpackungsmaterialien erf\u00fcllen die h\u00f6chsten Anforderungen des Abnehmermarktes. Die Produktgruppe kommt seither in einer einzigartigen Flasche mit selbstklebender Etikette auf den Markt, und die Unterscheidung zwischen den verschiedenen deutrium-basierten Preventa-Erzeugnissen wird durch Farbenkodierung der einzelnen Produkte erleichtert.<\/p>\n<p><strong>2015<\/strong>\u00a0\u2013 Nach einer erfolgreichem Audit durch das Landesinstitut f\u00fcr Arznei- und Lebensmittel erhielt die Mutterfirma von HYD GmbH das GMP-Zertifikat f\u00fcr ihre Produktionsanlage zur Herstellung des deuterium-abgereicherten Wassers. Auch die deuterium-abgereicherten Trinkwassersorten von HYD werden aus diesem Rohstoff hergestellt.<\/p>\n<p><strong>2016<\/strong>\u00a0\u2013 Die Produktgruppe der deuterium-abgereicherten Preventa\u00ae Trinkw\u00e4sser erhielt den angesehenen MagyarBrands Preis in der Kategorie der ausgezeichneten Verbrauchermarken.<\/p>\n<p><strong>2017\u00a0<\/strong>\u2013 Export der Preventa Produkte begann in den USA.<\/p>\n<p><strong>2019<\/strong>\u00a0\u2013 Export der Preventa Produkte begann in China.<\/p>\n<p class=\"has-text-align-justify\"><strong>2020<\/strong>\u00a0\u2013 Die Preventa Austernpilz Kapseln der HYD GmbH \u2013 das erste deuterium-abgereicherte Nahrungserg\u00e4nzungsmittel - wurde vom Nationalinstitut f\u00fcr Pharmazie und Ern\u00e4hrung registriert (Meldungs-Nr.: 24917\/2020 OGY\u00c9I), und auf den Markt gebracht. Das Preventa Austernpilz-Erzeugnis ist das einzige 100% nat\u00fcrliche Austernpilzprodukt, das aus Anbau unter Verwendung vom Wasser mit auf 85 ppm reduziertem Deuteriumgehalt stammt.<\/p>\n<p><strong>2021<\/strong>\u00a0\u2013 Die Produktion der ohne Kohlens\u00e4ure Versionen von Preventa 65, Preventa 45 und Preventa 25 hat begonnen, sodass alle Deuterium-abgereicherten Trinkwasserprodukte von Preventa sowohl in mit-, als auch in ohne Kohlens\u00e4ure Version erh\u00e4ltlich wurden.<\/p>\n<\/div>\n<\/div>\n<\/div>\n<\/div><\/div><\/div><\/div><\/div><\/div><\/div>","protected":false},"excerpt":{"rendered":"<p>Die HYD GmbH f\u00fcr Krebsforschung und Arzneimittel-Entwicklung koordiniert seit 1993 in Deuteriumentzug aufgebauten Forschungen und Produktentwicklungen und war weltweit die Erste, die [&hellip;]<\/p>\n","protected":false},"author":1,"featured_media":0,"parent":4433,"menu_order":0,"comment_status":"closed","ping_status":"closed","template":"page-templates\/page_front-page.php","meta":{"_acf_changed":false,"footnotes":""},"class_list":["post-4448","page","type-page","status-publish","hentry"],"acf":[],"_links":{"self":[{"href":"https:\/\/preventademo.uccpilot.com\/de\/wp-json\/wp\/v2\/pages\/4448","targetHints":{"allow":["GET"]}}],"collection":[{"href":"https:\/\/preventademo.uccpilot.com\/de\/wp-json\/wp\/v2\/pages"}],"about":[{"href":"https:\/\/preventademo.uccpilot.com\/de\/wp-json\/wp\/v2\/types\/page"}],"author":[{"embeddable":true,"href":"https:\/\/preventademo.uccpilot.com\/de\/wp-json\/wp\/v2\/users\/1"}],"replies":[{"embeddable":true,"href":"https:\/\/preventademo.uccpilot.com\/de\/wp-json\/wp\/v2\/comments?post=4448"}],"version-history":[{"count":2,"href":"https:\/\/preventademo.uccpilot.com\/de\/wp-json\/wp\/v2\/pages\/4448\/revisions"}],"predecessor-version":[{"id":4881,"href":"https:\/\/preventademo.uccpilot.com\/de\/wp-json\/wp\/v2\/pages\/4448\/revisions\/4881"}],"up":[{"embeddable":true,"href":"https:\/\/preventademo.uccpilot.com\/de\/wp-json\/wp\/v2\/pages\/4433"}],"wp:attachment":[{"href":"https:\/\/preventademo.uccpilot.com\/de\/wp-json\/wp\/v2\/media?parent=4448"}],"curies":[{"name":"wp","href":"https:\/\/api.w.org\/{rel}","templated":true}]}}