{"id":4451,"date":"2026-01-30T16:58:53","date_gmt":"2026-01-30T15:58:53","guid":{"rendered":"https:\/\/preventademo.uccpilot.com\/uber-vetera-ddw-25\/die-geschichte-von-vetera-ddw-25\/"},"modified":"2026-02-12T14:45:50","modified_gmt":"2026-02-12T13:45:50","slug":"die-geschichte-von-preventa","status":"publish","type":"page","link":"https:\/\/preventademo.uccpilot.com\/de\/ueber-preventa\/die-geschichte-von-preventa\/","title":{"rendered":"Die Geschichte von Preventa"},"content":{"rendered":"<div id=\"pl-4451\"  class=\"panel-layout\" ><div id=\"pg-4451-0\"  class=\"panel-grid panel-has-style\" ><div class=\"justifytext panel-row-style panel-row-style-for-4451-0\" style=\"padding: 0px 0; \" data-overlay=\"true\" data-overlay-color=\"#000000\" ><div id=\"pgc-4451-0-0\"  class=\"panel-grid-cell\" ><div id=\"panel-4451-0-0-0\" class=\"so-panel widget widget_sow-editor panel-first-child panel-last-child\" data-index=\"0\" ><div style=\"text-align: left;\" data-title-color=\"#443f3f\" data-headings-color=\"#443f3f\" class=\"panel-widget-style panel-widget-style-for-4451-0-0-0\" ><div\n\t\t\t\n\t\t\tclass=\"so-widget-sow-editor so-widget-sow-editor-base\"\n\t\t\t\n\t\t><h3 class=\"widget-title\">Die Geschichte von Preventa<\/h3>\n<div class=\"siteorigin-widget-tinymce textwidget\">\n\t<div id=\"inner_content-3-165\" class=\"ct-inner-content\">\n<div id=\"inner_content-3-165\" class=\"ct-inner-content\">\n<div id=\"inner_content-3-165\" class=\"ct-inner-content\">\n<p class=\"has-text-align-justify\">Die Preventa deuterium-abgereicherten Trinkw\u0101sser wurden aufgrund der patentierten Methode der HYD GmbH, des Deuterium-Entzugs entwickelt. Die erste Preventa Produktfamilie weltweit ist durch eine internationale Marke gesch\u00fctzt. Die Preventa Trinkwasser enthalten um 15 bis 84% weniger Deuterium (125 bis 25 ppm) als der nat\u00fcrliche Gehalt. Das Ausma\u00df der Verminderung ist deutlich h\u00f6her als die nat\u00fcrliche Schwankung des Deuteriumgehalts.<\/p>\n<p><strong>Die wichtigsten Meilensteine in der Geschichte von Preventa:<\/strong><\/p>\n<p><strong>1999<\/strong><br \/>\nDie ersten zwei Erzeugnisse \u2013 Preventa-105 und Preventa-85, Trinkwasser mit vermindertem Deuteriumgehalt \u2013 wurden, entsprechend der Expertise des Umwelthygienischen Instituts des Fodor J\u00f3zsef Nationalen Zentrums f\u00fcr Gesundheitswesen sowie der Stellungnahmen des Landesinstituts f\u00fcr Lebensmittel- und Ern\u00e4hrungswissenschaft und des Amtes des Nationalen Oberamtsarztes, durch die Budapester Station f\u00fcr Tiergesundheit und Lebensmittelkontrolle zugelassen.<\/p>\n<p class=\"has-text-align-justify\">Der Vertrieb der Trinkwasser Preventa-105 und Preventa-85 hat in Ungarn angefangen, vor allem in Apotheken und Gesundheitsl\u00e4den.<\/p>\n<p><strong>2001<\/strong><br \/>\nHYD GmbH hat, mit der Ausfuhr der Preventa Erzeugnisse nach Japan, die internationale B\u00fchne betreten.<\/p>\n<p><strong>2003<\/strong><br \/>\nPreventa-125, ein neues Mitglied der Produktfamilie, kam auf den Markt.<\/p>\n<p><strong>2005<\/strong><br \/>\nDas von HYD entwickelte Preventa Trinkwasser mit vermindertem Deuteriumgehalt holte sich den ersten Preis auf dem internationalen Innovationswettbewerb \u201eNew Foods\u201c. Die Wichtigkeit der Forschung sowie der aus deuterium-abgereichertem Wasser hergestellten Produkte in der Gesundheitserhaltung wurde vom Preisgericht besonders betont.<\/p>\n<p>In sportmedizinischen Untersuchungen wurde die Wirkung von Preventa-105 auf die Leistungsf\u00e4higkeit von Sportlern getestet. Die Teilnehmer, Ruderer der Auswahlmannschaft, zeigten im Test bessere Leistung, schnellere Regenerierung, und mehr k\u00f6rperlichen Ausdauer. Die Ergebnisse der Untersuchung wurden im\u00a0<em>Sportorvosi Szemle\/Hungarian Review of Sports Medicine, 46\/1 .27-38 (2005)<\/em>\u00a0ver\u00f6ffentlicht.<\/p>\n<p>Preventa-45 kam auf den Markt.<\/p>\n<p><strong>2014<\/strong><br \/>\nDas \u00c4u\u00dfere der Preventa Produktgruppe wurde erneuert. Neues Design und die zeitgem\u00e4\u00dfen Verpackungsmaterialien erf\u00fcllen die h\u00f6chsten Anforderungen des Abnehmermarktes. Die auf 6 Mitglieder erweiterte Produktgruppe \u2013 Preventa 125, Preventa 105, Preventa 85, Preventa 65, Preventa 45, Preventa 25 \u2013 kommt seither in einer individuell gestalteten Flasche mit selbstklebender Folienetikette auf den Markt, und die Unterscheidung zwischen den verschiedenen Preventa Erzeugnissen mit verschiedenem Deuteriumgehalt wird durch Farbkodierung der einzelnen Produkte erleichtert.<\/p>\n<p><strong>2016<\/strong><br \/>\nDie deuterium-abgereicherte Preventa Produktfamilie erhielt den MagyarBrands Preis in der Kategorie der ausgezeichneten Verbrauchermarken.<\/p>\n<p><strong>2017<\/strong><br \/>\nExport der Preventa Produkte begann in den USA.<\/p>\n<p><strong>2018<\/strong><br \/>\nHYD GmbH f\u00fcr Krebsforschung und Arzneimittel-Entwicklung schloss einen Handelsvertrag auf exklusiven Vertrieb der deuterium-abgereicherten Preventa Trinkwasser in China ab.<\/p>\n<p>In diesem Jahr hat HYD GmbH das Projekt \u201eEntwicklung des Exports der deuterium-abgereicherten Preventa Trinkwasser\u201c (Nr. VEKOP-1.3.1-16-2017-00124 im Rahmen des Programms Sz\u00e9chenyi 2020) abgeschlossen. Zur Verwirklichung erhielt die Firma 3.392.455 HUF Subvention der EU.<\/p>\n<p><strong>2019<\/strong><br \/>\nExport der Preventa Produkte begann in China.<\/p>\n<p><strong>2020<\/strong><\/p>\n<p class=\"has-text-align-justify\">Die Preventa Austernpilz Kapseln der HYD GmbH \u2013 das erste deuterium-abgereicherte Nahrungserg\u00e4nzungsmittel - wurde vom Nationalinstitut f\u00fcr Pharmazie und Ern\u00e4hrung registriert (Meldungs-Nr.: 24917\/2020 OGY\u00c9I), und auf den Markt gebracht. Das Preventa Austernpilz-Erzeugnis ist das einzige 100% nat\u00fcrliche Austernpilzprodukt, das aus Anbau unter Verwendung vom Wasser mit auf 85 ppm reduziertem Deuteriumgehalt stammt.<\/p>\n<p><strong>2021<\/strong><\/p>\n<p class=\"has-text-align-justify\">Die Produktion der ohne Kohlens\u00e4ure Versionen von Preventa 65, Preventa 45 und Preventa 25 hat begonnen, sodass alle Deuterium-abgereicherten Trinkwasserprodukte von Preventa sowohl in mit-, als auch in ohne Kohlens\u00e4ure Version erh\u00e4ltlich wurden.<\/p>\n<\/div>\n<\/div>\n<\/div>\n<\/div>\n<\/div><\/div><\/div><\/div><\/div><\/div><\/div>","protected":false},"excerpt":{"rendered":"<p>Die Preventa deuterium-abgereicherten Trinkw\u0101sser wurden aufgrund der patentierten Methode der HYD GmbH, des Deuterium-Entzugs entwickelt. Die erste Preventa Produktfamilie weltweit ist durch [&hellip;]<\/p>\n","protected":false},"author":1,"featured_media":0,"parent":4433,"menu_order":0,"comment_status":"closed","ping_status":"closed","template":"page-templates\/page_front-page.php","meta":{"_acf_changed":false,"footnotes":""},"class_list":["post-4451","page","type-page","status-publish","hentry"],"acf":[],"_links":{"self":[{"href":"https:\/\/preventademo.uccpilot.com\/de\/wp-json\/wp\/v2\/pages\/4451","targetHints":{"allow":["GET"]}}],"collection":[{"href":"https:\/\/preventademo.uccpilot.com\/de\/wp-json\/wp\/v2\/pages"}],"about":[{"href":"https:\/\/preventademo.uccpilot.com\/de\/wp-json\/wp\/v2\/types\/page"}],"author":[{"embeddable":true,"href":"https:\/\/preventademo.uccpilot.com\/de\/wp-json\/wp\/v2\/users\/1"}],"replies":[{"embeddable":true,"href":"https:\/\/preventademo.uccpilot.com\/de\/wp-json\/wp\/v2\/comments?post=4451"}],"version-history":[{"count":2,"href":"https:\/\/preventademo.uccpilot.com\/de\/wp-json\/wp\/v2\/pages\/4451\/revisions"}],"predecessor-version":[{"id":4870,"href":"https:\/\/preventademo.uccpilot.com\/de\/wp-json\/wp\/v2\/pages\/4451\/revisions\/4870"}],"up":[{"embeddable":true,"href":"https:\/\/preventademo.uccpilot.com\/de\/wp-json\/wp\/v2\/pages\/4433"}],"wp:attachment":[{"href":"https:\/\/preventademo.uccpilot.com\/de\/wp-json\/wp\/v2\/media?parent=4451"}],"curies":[{"name":"wp","href":"https:\/\/api.w.org\/{rel}","templated":true}]}}