{"id":4897,"date":"2026-02-15T16:46:17","date_gmt":"2026-02-15T15:46:17","guid":{"rendered":"https:\/\/preventademo.uccpilot.com\/gyakori-kerdesek\/"},"modified":"2026-02-15T16:58:51","modified_gmt":"2026-02-15T15:58:51","slug":"meistgestellte-fragen","status":"publish","type":"page","link":"https:\/\/preventademo.uccpilot.com\/de\/meistgestellte-fragen\/","title":{"rendered":"Meistgestellte Fragen"},"content":{"rendered":"<div id=\"pl-4897\"  class=\"panel-layout\" ><div id=\"pg-4897-0\"  class=\"panel-grid panel-has-style\" ><div style=\"padding: 0px 0; \" data-overlay=\"true\" data-overlay-color=\"#000000\" class=\"panel-row-style panel-row-style-for-4897-0\" ><div id=\"pgc-4897-0-0\"  class=\"panel-grid-cell\" ><div id=\"panel-4897-0-0-0\" class=\"so-panel widget widget_sow-editor panel-first-child panel-last-child\" data-index=\"0\" ><div style=\"text-align: left;\" data-title-color=\"#443f3f\" data-headings-color=\"#443f3f\" class=\"panel-widget-style panel-widget-style-for-4897-0-0-0\" ><div\n\t\t\t\n\t\t\tclass=\"so-widget-sow-editor so-widget-sow-editor-base\"\n\t\t\t\n\t\t><h3 class=\"widget-title\">Meistgestellte Fragen<\/h3>\n<div class=\"siteorigin-widget-tinymce textwidget\">\n\t<details>\n<summary>Was ist Deuterium und das deuterium-abgereicherte Trinkwasser Preventa?<\/summary>\n<p>Deuterium, auch als Schwerwasserstoff bekannt, ist eine nat\u00fcrlich vorkommende stabile \u2013 d. h. nicht radioaktive \u2013 Variante des Wasserstoffs. W\u00e4hrend der Atomkern des Wasserstoffs nur aus einem Proton besteht, enth\u00e4lt der Deuterium-Atomkern ein Proton und ein Neutron. Dieser betr\u00e4chtliche, zweifache Massenunterschied bringt signifikante Unterschiede im physischen und chemischen Verhalten von Wasserstoff und Schwerwasserstoff mit sich. <strong>Preventa, die welterste Trinkwasser-Produktfamilie mit vermindertem Deuteriumgehalt<\/strong>, wurde auf Basis eines internationalen Patents der HYD GmbH f\u00fcr Krebsforschung und Arzneimittel-Entwicklung entwickelt. Preventa Trinkwasser erhielt die Zulassung in 1999 von der Tiergesundheits- und Lebensmittelaufsichtstation von Budapest, aufgrund des Gutachtens des Fodor J\u00f3zsef Landeszentrums f\u00fcr Gesundheitswesen und der Stellungnahme des Landesinstituts f\u00fcr Lebensmittel- und Ern\u00e4hrungswissenschaft.<\/p>\n<\/details>\n<details>\n<summary>Warum sollte man deuterium-abgereichertes Wasser trinken?<\/summary>\n<p>Die neuesten Forschungen haben gezeigt, dass die Senkung des Deuteriumgehalts in Geweben und Organen ein nat\u00fcrlicher biochemischer Prozess ist. Aber die F\u00e4higkeit zur Deuteriumsenkung nimmt ab, als wir alter werden, erkranken, oder weniger Training oder Sonnelicht bekommen. Das Verfahren des Deuteriumentzugs richtet sich auf dieses nat\u00fcrliche System. Durch Senkung das Deuteriumgehalt im Trinkwasser bis unter den nat\u00fcrlichen Wert kann man die Deuteriumkonzentration im K\u00f6rper niedrig halten, auch wenn der oben erw\u00e4hnte Prozess nicht richtig funktioniert. Richtig gew\u00e4hlt und dauernd konsumiert, kann deuteriumarmes Wasser den Deuteriumentzug im K\u00f6rper f\u00fcr lange Zeit aufrechterhalten.<\/p>\n<\/details>\n<details>\n<summary>Was ist die empfohlene Tagesdosis des deuteriumarmen Wassers?<\/summary>\n<p>Der t\u00e4gliche Wasserbedarf (1,5-2 Liter f\u00fcr einen Erwachsenen von durchschnittlichem K\u00f6rpergewicht) kann g\u00e4nzlich mit deuterium-abgereichertem Wasser gedeckt werden. Das kann man allein oder aromatisiert getrunken, aber auch oder zum Tee, Kaffee oder beim Kochen verwendet, werden. Es ist dabei wichtig, Fl\u00fcssigkeite mit normalem Deuteriumgehalt (Leitungswasser, Mineralwasser, Erfrischungsgetr\u00e4nke, Fruchts\u00e4fte, Milch) nur begrenzt zu trinken.<\/p>\n<\/details>\n<details>\n<summary>Welches Preventa Wasser soll man w\u00e4hlen?<\/summary>\n<p>Je niedriger ist der Deuteriumgehalt eines bestimmten Preventa Wassers, um so mehr unterscheidet es sich vom 140-145 ppm der Naturgew\u00e4sser in unserer Klimazone. Mit richtiger Wahl und fortlaufendem Konsum kann man den Deuteriumentzug im K\u00f6rper f\u00fcr lange Zeit aufrechterhalten.<\/p>\n<\/details>\n<details>\n<summary>Wie kann der Deuteriumgehalt des K\u00f6rpers verringert werden?<\/summary>\n<p>Am einfachsten wird das Deuteriumgehalt unseres K\u00f6rpers durch Senkung der Deuteriumkonzentration des Trinkwassers beeinflusst. Trinkt man Wasser mit weniger Deuterium als das Nat\u00fcrliche, nimmt das Deuteriumgehalt im Organismus ab, weil der normale Wassergehalt des K\u00f6rpers sich mit dem deuteriumarmen Wasser vermischt.<br \/>\nDas kann mit anderen deuterium-abgereicherten Lebensmitteln, z. B. mit deuteriumarmen Pilzextrakt, erg\u00e4nzt werden, da in denen die organischen Molek\u00fcle ebenfalls deuterium-abgereichert sind. Zus\u00e4tzlicher Verzehr von unter deuterium-abgereicherten Bedingungen angebauten Pflanzen, oder aus diesen hergestellten Lebensmitteln, kann eine wirksamere Senkung des Deuteriumgehalts im K\u00f6rper bewirken. Durch deuterium-abgereicherte Lebensmittel entsteht eine neue Produktkategorie, deren Eigenart, \u00e4hnlich den cholesterinfreien oder kohlenhydratarmen Lebensmitteln, der niedrige Deuteriumgehalt ist.<\/p>\n<\/details>\n<details>\n<summary>Was sind die Besonderheiten des deuterium-abgereicherten Wassers, und wie wird der Deuteriumgehalt bestimmt?<\/summary>\n<p>Das Deuteriumgehalt des Preventa Trinkwassers ist deutlich niedriger als in nat\u00fcrlichen W\u00e4ssern; das Ausma\u00df der Abreicherung ist h\u00f6her als die nat\u00fcrliche Variation des Deuteriumgehalts. Deuterium im Wasser wird \u00fcblicherweise in ppm (millionstel) Einheiten angegeben - das zeigt, wie viele aus einer Million Wasserstoffatomen Deuterium bzw. wie viele aus einer Million Wassermolek\u00fclen (H2O) Schwerwasser (D2O) sind. Das Deuteriumgehalt wird mit Massenspektrometrie oder mit Lasertechniken kontrolliert.<\/p>\n<\/details>\n<details>\n<summary>Was bedeuten die Zahlen auf den deuterium-abgereicherten Preventa Erzeugnissen?<\/summary>\n<p>Die Zahlen, die in den Bezeichnungen der Preventa Trinkw\u00e4sser stehen, geben das Deuteriumgehalt des Produkts in ppm Einheiten an. Preventa 125 enth\u00e4lt dementsprechend 125 ppm Deuterium, Preventa 105 enth\u00e4lt 105 ppm, und Preventa 85, 85 ppm \u2013 gegen\u00fcber dem 140-150 ppm, was man in unserer geographischen Zone typischerweise in Naturgew\u00e4ssern, und daher auch im Leitungswasser, findet.<\/p>\n<\/details>\n<details>\n<summary>Preventa mit oder ohne Kohlens\u00e4ure?<\/summary>\n<p>Mineralwasser und Trinkwasser sind mit oder ohne Kohlens\u00e4ure erh\u00e4ltlich. Es ist wichtig zu wissen, dass die beiden Varianten ungef\u00e4hr denselben Mineraliengehalt aufweisen, so dass es keinen wesentlichen Unterschied zwischen denen gibt, wenn es um die S\u00e4ure-Basen-Gleichgewicht in unserem K\u00f6rper geht.<br \/>\nDas zugegebene Kohlendioxid tr\u00e4gt zur Langzeitstabilit\u00e4t der Qualit\u00e4t des Wassers bei.<\/p>\n<\/details>\n<details>\n<summary>Wie sind die globalen Unterschiede im Deuteriumgehalt des Niederschlags? Das Deuteriumgehalt des menschlichen K\u00f6rpers<\/summary>\n<p>Das Deuteriumgehalt der Lebewesen wird vor allem durch die Deuteriumkonzentration des Ozeanwassers und des am Boden ankommenden Niederschlags bestimmt. Das Deuteriumgehalt des Niederschlags nimmt vom \u00c4quator zu den Polen, von Meeresufern Richtung Landesinnere, und proportional mit der Seeh\u00f6he ab. In unserer Klimazone findet man in Oberfl\u00e4chengew\u00e4ssern, mit minimaler Schwankung, 140-150 ppm Deuterium. Der Menschenk\u00f6rper besteht vor allem aus Wasser, aber mit dem Alter nimmt das Wassergehalt ab. Angesichts des 60% Wassergehalts im K\u00f6rper und der Pr\u00e4senz des Deuteriums in anderen organischen Verbindungen, ist die Deuteriumkonzentration im menschlichen Organismus vielfach h\u00f6her als die Normalkonzentration anderer physiologisch wichtiger Elemente wie z. B. Kalzium, Kalium oder Magnesium.<\/p>\n<\/details>\n<details>\n<summary>Wie wird der Deuteriumgehalt des Wassers verringert?<\/summary>\n<p>Deuterium-abgereichertes Wasser wird in einer energieintensiven Technologie hergestellt, die auf die Unterschiede in den physisch-chemischen Eigenschaften des normalen Wassers (H2O) und des Schwerwassers (D2O) basiert ist. Wegen des Siedepunkt-Unterschieds von lediglich 1,5\u00b0C ist die Konzentration des Schwerwassers (dessen Siedepunkt h\u00f6her ist) in der Dampfphase kleiner, und das wird zur Herstellung des deuteriumarmen Wassers benutzt. Wird die Verdunstung in so genannten Destillierkolonnen mehrfach wiederholt, kann das Deuteriumgehalt des Wassers beliebig verringert werden.<\/p>\n<\/details>\n<details>\n<summary>Kann man Deuteriumabreicherung mit h\u00e4uslichen Methoden erreichen?<\/summary>\n<p>Mit Haushaltsdestillierger\u00e4ten kann das Deuteriumgehalt mit einfachem Destillieren um ca. 1 ppm, bei doppeltem Durchlauf um 2-3 ppm gesenkt werden, und das \u00e4ndert die Deuteriumkonzentration des Wassers nur unwesentlich. Eine wesentliche Senkung des Deuteriumgehalts im Wasser ist nur mittels industrieller Technologie, fraktionierter Destillation, zu erreichen. Die Preventa-Erzeugnisse enthalten um 15-84% weniger Deuterium als unsere Naturgew\u00e4sser, w\u00e4hrend die Haushaltsdestillierger\u00e4te das Deuteriumgehalt des Wassers nur um 1-1,5% verringern k\u00f6nnen.<\/p>\n<\/details>\n<\/div>\n<\/div><\/div><\/div><\/div><\/div><\/div><\/div>","protected":false},"excerpt":{"rendered":"<p>Was ist Deuterium und das deuterium-abgereicherte Trinkwasser Preventa? Deuterium, auch als Schwerwasserstoff bekannt, ist eine nat\u00fcrlich vorkommende stabile \u2013 d. h. nicht [&hellip;]<\/p>\n","protected":false},"author":1,"featured_media":0,"parent":0,"menu_order":0,"comment_status":"closed","ping_status":"closed","template":"page-templates\/page_front-page.php","meta":{"_acf_changed":false,"footnotes":""},"class_list":["post-4897","page","type-page","status-publish","hentry"],"acf":[],"_links":{"self":[{"href":"https:\/\/preventademo.uccpilot.com\/de\/wp-json\/wp\/v2\/pages\/4897","targetHints":{"allow":["GET"]}}],"collection":[{"href":"https:\/\/preventademo.uccpilot.com\/de\/wp-json\/wp\/v2\/pages"}],"about":[{"href":"https:\/\/preventademo.uccpilot.com\/de\/wp-json\/wp\/v2\/types\/page"}],"author":[{"embeddable":true,"href":"https:\/\/preventademo.uccpilot.com\/de\/wp-json\/wp\/v2\/users\/1"}],"replies":[{"embeddable":true,"href":"https:\/\/preventademo.uccpilot.com\/de\/wp-json\/wp\/v2\/comments?post=4897"}],"version-history":[{"count":7,"href":"https:\/\/preventademo.uccpilot.com\/de\/wp-json\/wp\/v2\/pages\/4897\/revisions"}],"predecessor-version":[{"id":4911,"href":"https:\/\/preventademo.uccpilot.com\/de\/wp-json\/wp\/v2\/pages\/4897\/revisions\/4911"}],"wp:attachment":[{"href":"https:\/\/preventademo.uccpilot.com\/de\/wp-json\/wp\/v2\/media?parent=4897"}],"curies":[{"name":"wp","href":"https:\/\/api.w.org\/{rel}","templated":true}]}}