{"id":4986,"date":"2025-12-09T14:30:49","date_gmt":"2025-12-09T13:30:49","guid":{"rendered":"https:\/\/preventademo.uccpilot.com\/kezdolap\/"},"modified":"2026-03-17T09:23:01","modified_gmt":"2026-03-17T08:23:01","slug":"startseite","status":"publish","type":"page","link":"https:\/\/preventademo.uccpilot.com\/de\/","title":{"rendered":"Startseite"},"content":{"rendered":"<div id=\"pl-4986\"  class=\"panel-layout\" ><div id=\"pg-4986-0\"  class=\"panel-grid panel-has-style\" ><div class=\"hometoptextrow siteorigin-panels-stretch panel-row-style panel-row-style-for-4986-0\" style=\"background-image: url(https:\/\/preventademo.uccpilot.com\/wp-content\/uploads\/2026\/02\/180607-VIL1-0033_Final.jpg);padding: 100px 0; \" data-stretch-type=\"full-width-stretch\" data-hasbg=\"hasbg\" data-overlay-color=\"#000000\" ><div id=\"pgc-4986-0-0\"  class=\"panel-grid-cell\" ><div id=\"panel-4986-0-0-0\" class=\"so-panel widget widget_sow-editor panel-first-child panel-last-child\" data-index=\"0\" ><div style=\"text-align: left;\" data-title-color=\"#443f3f\" data-headings-color=\"#443f3f\" class=\"panel-widget-style panel-widget-style-for-4986-0-0-0\" ><div\n\t\t\t\n\t\t\tclass=\"so-widget-sow-editor so-widget-sow-editor-base\"\n\t\t\t\n\t\t>\n<div class=\"siteorigin-widget-tinymce textwidget\">\n\t<\/div>\n<\/div><\/div><\/div><\/div><\/div><\/div><div id=\"pg-4986-1\"  class=\"panel-grid panel-has-style\" ><div style=\"padding: 50px 0; \" data-overlay=\"true\" data-overlay-color=\"#000000\" class=\"panel-row-style panel-row-style-for-4986-1\" ><div id=\"pgc-4986-1-0\"  class=\"panel-grid-cell\" ><div id=\"panel-4986-1-0-0\" class=\"so-panel widget widget_sow-editor panel-first-child panel-last-child\" data-index=\"1\" ><div style=\"text-align: center;\" data-title-color=\"#443f3f\" data-headings-color=\"#443f3f\" class=\"panel-widget-style panel-widget-style-for-4986-1-0-0\" ><div\n\t\t\t\n\t\t\tclass=\"so-widget-sow-editor so-widget-sow-editor-base\"\n\t\t\t\n\t\t>\n<div class=\"siteorigin-widget-tinymce textwidget\">\n\t<div class=\"homeicons\">\n<p><a href=\"\/de\/produkten\"><\/p>\n<div class=\"homeicons-container\"><img decoding=\"async\" src=\"\/wp-content\/uploads\/2026\/02\/cart.png\" \/><\/div>\n<h2>Bestellung<\/h2>\n<p><\/a><\/p>\n<\/div>\n<\/div>\n<\/div><\/div><\/div><\/div><div id=\"pgc-4986-1-1\"  class=\"panel-grid-cell\" ><div id=\"panel-4986-1-1-0\" class=\"so-panel widget widget_sow-editor panel-first-child panel-last-child\" data-index=\"2\" ><div style=\"text-align: center;\" data-title-color=\"#443f3f\" data-headings-color=\"#443f3f\" class=\"panel-widget-style panel-widget-style-for-4986-1-1-0\" ><div\n\t\t\t\n\t\t\tclass=\"so-widget-sow-editor so-widget-sow-editor-base\"\n\t\t\t\n\t\t>\n<div class=\"siteorigin-widget-tinymce textwidget\">\n\t<div class=\"homeicons\">\n<p><a href=\"\/de\/meistgestellte-fragen\/\"><\/p>\n<div class=\"homeicons-container\"><img decoding=\"async\" src=\"\/wp-content\/uploads\/2026\/02\/question.png\" \/><\/div>\n<h2>Meistgestellte Fragen<\/h2>\n<p><\/a><\/p>\n<\/div>\n<\/div>\n<\/div><\/div><\/div><\/div><div id=\"pgc-4986-1-2\"  class=\"panel-grid-cell\" ><div id=\"panel-4986-1-2-0\" class=\"so-panel widget widget_sow-editor panel-first-child panel-last-child\" data-index=\"3\" ><div style=\"text-align: center;\" data-title-color=\"#443f3f\" data-headings-color=\"#443f3f\" class=\"panel-widget-style panel-widget-style-for-4986-1-2-0\" ><div\n\t\t\t\n\t\t\tclass=\"so-widget-sow-editor so-widget-sow-editor-base\"\n\t\t\t\n\t\t>\n<div class=\"siteorigin-widget-tinymce textwidget\">\n\t<div class=\"homeicons\">\n<p><a href=\"\/de\/kontakt\"><\/p>\n<div class=\"homeicons-container\"><img decoding=\"async\" src=\"\/wp-content\/uploads\/2026\/02\/doctorchat.png\" \/><\/div>\n<h2>Kontakt<\/h2>\n<p><\/a><\/p>\n<\/div>\n<\/div>\n<\/div><\/div><\/div><\/div><\/div><\/div><div id=\"pg-4986-2\"  class=\"panel-grid panel-has-style\" ><div class=\"homevetera siteorigin-panels-stretch panel-row-style panel-row-style-for-4986-2\" style=\"padding: 50px 0; \" data-stretch-type=\"full\" data-overlay=\"true\" data-overlay-color=\"#000000\" ><div id=\"pgc-4986-2-0\"  class=\"panel-grid-cell\" ><div id=\"panel-4986-2-0-0\" class=\"so-panel widget widget_sow-editor panel-first-child panel-last-child\" data-index=\"4\" ><div style=\"text-align: left;\" data-title-color=\"#443f3f\" data-headings-color=\"#443f3f\" class=\"panel-widget-style panel-widget-style-for-4986-2-0-0\" ><div\n\t\t\t\n\t\t\tclass=\"so-widget-sow-editor so-widget-sow-editor-base\"\n\t\t\t\n\t\t>\n<div class=\"siteorigin-widget-tinymce textwidget\">\n\t<p>\t<img loading=\"lazy\" decoding=\"async\" src=\"\/wp-content\/uploads\/2026\/02\/sor_2.jpg\" alt=\"\" width=\"837\" height=\"500\"\/><\/p>\n<\/div>\n<\/div><\/div><\/div><\/div><div id=\"pgc-4986-2-1\"  class=\"panel-grid-cell\" ><div id=\"panel-4986-2-1-0\" class=\"so-panel widget widget_sow-editor panel-first-child panel-last-child\" data-index=\"5\" ><div style=\"text-align: left;\" data-title-color=\"#443f3f\" data-headings-color=\"#443f3f\" class=\"panel-widget-style panel-widget-style-for-4986-2-1-0\" ><div\n\t\t\t\n\t\t\tclass=\"so-widget-sow-editor so-widget-sow-editor-base\"\n\t\t\t\n\t\t><h3 class=\"widget-title\">\u00dcber Preventa<\/h3>\n<div class=\"siteorigin-widget-tinymce textwidget\">\n\t<div class=\"siteorigin-widget-tinymce textwidget\">\n<div id=\"_rich_text-591-31\" class=\"oxy-rich-text\">\n<div id=\"_rich_text-518-31\" class=\"oxy-rich-text\">\n<p>Preventa ist die welterste Trinkwasser-Produktfamilie mit vermindertem Deuteriumgehalt, die auf der Grundlage internationaler Patente der HYD GmbH f\u00fcr Krebsforschung und Arzneimittel-Entwicklung entwickelt wurde. Preventa ist die Marke mit der l\u00e4ngsten Geschichte, der h\u00f6chsten Nachfrage und der gr\u00f6\u00dften Zuverl\u00e4ssigkeit in dieser Kategorie und bietet das breiteste Sortiment an deuterium-abgereicherten Trinkwasser.<\/p>\n<p>Ein weiteres Produkt der Marke Preventa ist das deuterium-abgereicherte Nahrungserg\u00e4nzungsmittel von HYD GmbH, die Preventa Austernpilzkapseln. Dies ist das einzige 100% nat\u00fcrliche Austernpilz-Produkt, das aus Anbau mit Wasser von vermindertem, 85 ppm Deuteriumgehalt stammt. <a href=\"\/de\/uber-preventa\/\">Weiterlesen \u00bb<\/a><\/p>\n<\/div>\n<\/div>\n<\/div>\n<\/div>\n<\/div><\/div><\/div><\/div><\/div><\/div><div id=\"pg-4986-3\"  class=\"panel-grid panel-has-style\" ><div class=\"discountrow siteorigin-panels-stretch panel-row-style panel-row-style-for-4986-3\" style=\"padding: 50px 0; \" data-stretch-type=\"full\" data-overlay-color=\"#000000\" ><div id=\"pgc-4986-3-0\"  class=\"panel-grid-cell\" ><div id=\"panel-4986-3-0-0\" class=\"so-panel widget widget_sow-editor panel-first-child panel-last-child\" data-index=\"6\" ><div style=\"text-align: left;\" data-title-color=\"#443f3f\" data-headings-color=\"#443f3f\" class=\"panel-widget-style panel-widget-style-for-4986-3-0-0\" ><div\n\t\t\t\n\t\t\tclass=\"so-widget-sow-editor so-widget-sow-editor-base\"\n\t\t\t\n\t\t>\n<div class=\"siteorigin-widget-tinymce textwidget\">\n\t<section class=\"discount-banner\" aria-label=\"Preventa-Qualit\u00e4t\">\n<div class=\"discount-banner__inner\">\n<div class=\"discount-banner__panel\">\n<h3 class=\"discount-banner__title\">Preventa-Qualit\u00e4t<\/h3>\n<p class=\"discount-banner__text\">\n        Das international gesch\u00fctzte, deuterium-abgereicherte Trinkwasser von Preventa ist ein Premiumprodukt, dessen zuverl\u00e4ssige Qualit\u00e4t von akkreditierten Labors gepr\u00fcft und zertifiziert wird.\n      <\/p>\n<div class=\"discount-banner__buttons\">\n        <a class=\"roll-button button-nice\" href=\"\/de\/uber-preventa\/preventa-qualitaet\/\">Weiterlesen<\/a> <a class=\"roll-button button-nice button-2\" href=\"\/de\/kontakt\/\">Kontakt<\/a>\n      <\/div>\n<\/p><\/div>\n<\/p><\/div>\n<\/section>\n<\/div>\n<\/div><\/div><\/div><\/div><\/div><\/div><div id=\"pg-4986-4\"  class=\"panel-grid panel-has-style\" ><div class=\"siteorigin-panels-stretch panel-row-style panel-row-style-for-4986-4\" style=\"padding: 50px 0; \" data-stretch-type=\"full\" data-overlay-color=\"#000000\" ><div id=\"pgc-4986-4-0\"  class=\"panel-grid-cell\" ><div id=\"panel-4986-4-0-0\" class=\"so-panel widget widget_sow-editor panel-first-child panel-last-child\" data-index=\"7\" ><div style=\"text-align: left;\" data-title-color=\"#443f3f\" data-headings-color=\"#443f3f\" class=\"panel-widget-style panel-widget-style-for-4986-4-0-0\" ><div\n\t\t\t\n\t\t\tclass=\"so-widget-sow-editor so-widget-sow-editor-base\"\n\t\t\t\n\t\t><h3 class=\"widget-title\">Meistgestellte Fragen<\/h3>\n<div class=\"siteorigin-widget-tinymce textwidget\">\n\t<details>\n<summary>Was ist Deuterium und das deuterium-abgereicherte Trinkwasser Preventa?<\/summary>\n<p>Deuterium, auch als Schwerwasserstoff bekannt, ist eine nat\u00fcrlich vorkommende stabile \u2013 d. h. nicht radioaktive \u2013 Variante des Wasserstoffs. W\u00e4hrend der Atomkern des Wasserstoffs nur aus einem Proton besteht, enth\u00e4lt der Deuterium-Atomkern ein Proton und ein Neutron. Dieser betr\u00e4chtliche, zweifache Massenunterschied bringt signifikante Unterschiede im physischen und chemischen Verhalten von Wasserstoff und Schwerwasserstoff mit sich.<br \/>\nPreventa, die welterste Trinkwasser-Produktfamilie mit vermindertem Deuteriumgehalt, wurde auf Basis eines internationalen Patents der HYD GmbH f\u00fcr Krebsforschung und Arzneimittel-Entwicklung entwickelt. Preventa Trinkwasser erhielt die Zulassung in 1999 von der Tiergesundheits- und Lebensmittelaufsichtstation von Budapest, aufgrund des Gutachtens des Fodor J\u00f3zsef Landeszentrums f\u00fcr Gesundheitswesen und der Stellungnahme des Landesinstituts f\u00fcr Lebensmittel- und Ern\u00e4hrungswissenschaft.<\/p>\n<\/details>\n<details>\n<summary>Was sind die Besonderheiten des deuterium-abgereicherten Wassers, und wie wird der Deuteriumgehalt bestimmt?<\/summary>\n<p>Das Deuteriumgehalt des Preventa Trinkwassers ist deutlich niedriger als in nat\u00fcrlichen W\u00e4ssern; das Ausma\u00df der Abreicherung ist h\u00f6her als die nat\u00fcrliche Variation des Deuteriumgehalts. Deuterium im Wasser wird \u00fcblicherweise in ppm (millionstel) Einheiten angegeben - das zeigt, wie viele aus einer Million Wasserstoffatomen Deuterium bzw. wie viele aus einer Million Wassermolek\u00fclen (H2O) Schwerwasser (D2O) sind. Das Deuteriumgehalt wird mit Massenspektrometrie oder mit Lasertechniken kontrolliert.<\/p>\n<\/details>\n<details>\n<summary>Wie wird der Deuteriumgehalt des Wassers verringert?<\/summary>\n<p>Deuterium-abgereichertes Wasser wird in einer energieintensiven Technologie hergestellt, die auf die Unterschiede in den physisch-chemischen Eigenschaften des normalen Wassers (H2O) und des Schwerwassers (D2O) basiert ist. Wegen des Siedepunkt-Unterschieds von lediglich 1,5\u00b0C ist die Konzentration des Schwerwassers (dessen Siedepunkt h\u00f6her ist) in der Dampfphase kleiner, und das wird zur Herstellung des deuteriumarmen Wassers benutzt. Wird die Verdunstung in so genannten Destillierkolonnen mehrfach wiederholt, kann das Deuteriumgehalt des Wassers beliebig verringert werden.<\/p>\n<\/details>\n<details>\n<summary>Was bedeuten die Zahlen auf den deuterium-abgereicherten Preventa Erzeugnissen?<\/summary>\n<p>Die Zahlen, die in den Bezeichnungen der Preventa Trinkw\u00e4sser stehen, geben das Deuteriumgehalt des Produkts in ppm Einheiten an. Preventa 125 enth\u00e4lt dementsprechend 125 ppm Deuterium, Preventa 105 enth\u00e4lt 105 ppm, und Preventa 85, 85 ppm \u2013 gegen\u00fcber dem 140-150 ppm, was man in unserer geographischen Zone typischerweise in Naturgew\u00e4ssern, und daher auch im Leitungswasser, findet.<\/p>\n<\/details>\n<details>\n<summary>Warum sollte man deuterium-abgereichertes Wasser trinken?<\/summary>\n<p>Die neuesten Forschungen haben gezeigt, dass die Senkung des Deuteriumgehalts in Geweben und Organen ein nat\u00fcrlicher biochemischer Prozess ist. Aber die F\u00e4higkeit zur Deuteriumsenkung nimmt ab, als wir alter werden, erkranken, oder weniger Training oder Sonnelicht bekommen. Das Verfahren des Deuteriumentzugs richtet sich auf dieses nat\u00fcrliche System. Durch Senkung das Deuteriumgehalt im Trinkwasser bis unter den nat\u00fcrlichen Wert kann man die Deuteriumkonzentration im K\u00f6rper niedrig halten, auch wenn der oben erw\u00e4hnte Prozess nicht richtig funktioniert. Richtig gew\u00e4hlt und dauernd konsumiert, kann deuteriumarmes Wasser den Deuteriumentzug im K\u00f6rper f\u00fcr lange Zeit aufrechterhalten.<\/p>\n<\/details>\n<div style=\"margin-top: 25px; text-align: center; margin-left: auto; margin-right: auto;\"><a class=\"roll-button button-nice\" href=\"\/de\/meistgestellte-fragen\/\">Weitere Fragen<\/a><\/div>\n<\/div>\n<\/div><\/div><\/div><\/div><\/div><\/div><\/div>","protected":false},"excerpt":{"rendered":"<p>Bestellung Meistgestellte Fragen Kontakt<\/p>\n","protected":false},"author":1,"featured_media":4421,"parent":0,"menu_order":0,"comment_status":"closed","ping_status":"closed","template":"page-templates\/page_front-page.php","meta":{"_acf_changed":false,"footnotes":""},"class_list":["post-4986","page","type-page","status-publish","has-post-thumbnail","hentry"],"acf":[],"_links":{"self":[{"href":"https:\/\/preventademo.uccpilot.com\/de\/wp-json\/wp\/v2\/pages\/4986","targetHints":{"allow":["GET"]}}],"collection":[{"href":"https:\/\/preventademo.uccpilot.com\/de\/wp-json\/wp\/v2\/pages"}],"about":[{"href":"https:\/\/preventademo.uccpilot.com\/de\/wp-json\/wp\/v2\/types\/page"}],"author":[{"embeddable":true,"href":"https:\/\/preventademo.uccpilot.com\/de\/wp-json\/wp\/v2\/users\/1"}],"replies":[{"embeddable":true,"href":"https:\/\/preventademo.uccpilot.com\/de\/wp-json\/wp\/v2\/comments?post=4986"}],"version-history":[{"count":4,"href":"https:\/\/preventademo.uccpilot.com\/de\/wp-json\/wp\/v2\/pages\/4986\/revisions"}],"predecessor-version":[{"id":5243,"href":"https:\/\/preventademo.uccpilot.com\/de\/wp-json\/wp\/v2\/pages\/4986\/revisions\/5243"}],"wp:featuredmedia":[{"embeddable":true,"href":"https:\/\/preventademo.uccpilot.com\/de\/wp-json\/wp\/v2\/media\/4421"}],"wp:attachment":[{"href":"https:\/\/preventademo.uccpilot.com\/de\/wp-json\/wp\/v2\/media?parent=4986"}],"curies":[{"name":"wp","href":"https:\/\/api.w.org\/{rel}","templated":true}]}}