{"id":5201,"date":"2026-03-13T15:59:44","date_gmt":"2026-03-13T14:59:44","guid":{"rendered":"https:\/\/preventademo.uccpilot.com\/termekek\/unkategorisiert\/preventa-105\/"},"modified":"2026-03-25T10:24:38","modified_gmt":"2026-03-25T09:24:38","slug":"preventa-105","status":"publish","type":"product","link":"https:\/\/preventademo.uccpilot.com\/de\/produkte\/preventa-trinkwasser\/preventa-105\/","title":{"rendered":"Preventa 105"},"content":{"rendered":"<blockquote>\n<div class=\"callout-info\">Wir werden die optimale Zustellungsm\u00f6glichkeit auf Ihre Adresse suchen. Im Falle einer Kreditkartenzahlung werden wir den Zahlungslink f\u00fcr den gesamten Betrag inklusive Lieferkosten, oder im Falle einer Bank\u00fcberweisung die Proforma Rechnung mit den Bankkontoangaben Ihnen per Email zukommen lassen. Bitte beachten Sie, dass der Zahlungslink nach 2-3 Tagen abl\u00e4uft. Falls es vorkommen w\u00fcrde, wiederholen Sie bitte Ihre Bestellung, damit unsere Mitarbeiter einen neuen Zahlungslink erstellen und an Sie per E-mail senden k\u00f6nnen. Vielen Dank!<\/div>\n<\/blockquote>\n<h2>Preventa 105 deuterium-abgereichertes Trinkwasser<\/h2>\n<p>Deuteriumgehalt: 105 ppm (220 mg\/l HDO); 1.5 L<br \/>\nMineraliengehalt: Natrium-, Kalzium- und Magnesium-hydrokarbonatgehalt sind niedrig.<br \/>\nKolhendioxid: 4 g\/l<\/p>\n<p>Das Produkt ist mit oder ohne Kohlensaure erh\u00e4ltlich.<\/p>\n<p>Eine Packung besteht aus 12 Flaschen.<\/p>\n<p>Hersteller: HYD GmbH f\u00fcr Krebsforschung und Arzneimittel-Entwicklung<\/p>\n<blockquote>\n<div class=\"callout-info\"><strong>1. Schritt:<\/strong> W\u00e4hlen Sie die zu bestellenden Produkte und schicken Sie diese in den Warenkorb. Dann klicken Sie ZUR BESTELLUNG.<br \/>\n<strong>2. Schritt:<\/strong> Geben Sie die Rechnungs- und Lieferangaben ein, w\u00e4hlen Sie die Zahlungsmethode, und klicken Sie BESTELLUNG ABSCHICKEN.<br \/>\n<strong>3. Schritt:<\/strong> Sie bekommen eine Bestellungsbest\u00e4tigung per Email.<br \/>\n<strong>4. Schritt:<\/strong> Wir w\u00e4hlen das optimale Lieferangebot zu Ihrer Adresse und senden eine Proforma-Rechnung per Email. (Es dauert meistens 1-2 Tage bis wir die Lieferkosten erhalten).<br \/>\n<strong>5. Schritt:<\/strong> Zahlung wird entsprechend Ihrer Wahl erledigt:<br \/>\n<em>Kreditkarte:<\/em> Sie erhalten die Proforma-Rechnung per Email mit dem Kreditkarten-Zahlungslink. Durch Klicken geraten Sie an die Seite SimplePay, wo Sie die Kreditkartenangaben eingeben und die Zahlung erledigen k\u00f6nnen.<br \/>\n<em>\u00dcberweisung:<\/em> Sie erhalten die Proforma-Rechnung per Email mit allen Bankkontoangaben. Bitte die Endsumme \u00fcberweisen.<br \/>\n<strong>6. Schritt:<\/strong> Sobald wir die Zahlung erhalten, erfolgt der Versand auf die Lieferadresse.<\/div>\n<\/blockquote>\n","protected":false},"excerpt":{"rendered":"<p>Wir werden die optimale Zustellungsm\u00f6glichkeit auf Ihre Adresse suchen. Im Falle einer Kreditkartenzahlung werden wir den Zahlungslink f\u00fcr den gesamten Betrag inklusive [&hellip;]<\/p>\n","protected":false},"featured_media":4576,"template":"","meta":{"_acf_changed":false},"product_brand":[],"product_cat":[373],"product_tag":[],"class_list":{"0":"post-5201","1":"product","2":"type-product","3":"status-publish","4":"has-post-thumbnail","6":"product_cat-preventa-trinkwasser","8":"first","9":"instock","10":"shipping-taxable","11":"purchasable","12":"product-type-variable"},"acf":[],"_links":{"self":[{"href":"https:\/\/preventademo.uccpilot.com\/de\/wp-json\/wp\/v2\/product\/5201","targetHints":{"allow":["GET"]}}],"collection":[{"href":"https:\/\/preventademo.uccpilot.com\/de\/wp-json\/wp\/v2\/product"}],"about":[{"href":"https:\/\/preventademo.uccpilot.com\/de\/wp-json\/wp\/v2\/types\/product"}],"wp:featuredmedia":[{"embeddable":true,"href":"https:\/\/preventademo.uccpilot.com\/de\/wp-json\/wp\/v2\/media\/4576"}],"wp:attachment":[{"href":"https:\/\/preventademo.uccpilot.com\/de\/wp-json\/wp\/v2\/media?parent=5201"}],"wp:term":[{"taxonomy":"product_brand","embeddable":true,"href":"https:\/\/preventademo.uccpilot.com\/de\/wp-json\/wp\/v2\/product_brand?post=5201"},{"taxonomy":"product_cat","embeddable":true,"href":"https:\/\/preventademo.uccpilot.com\/de\/wp-json\/wp\/v2\/product_cat?post=5201"},{"taxonomy":"product_tag","embeddable":true,"href":"https:\/\/preventademo.uccpilot.com\/de\/wp-json\/wp\/v2\/product_tag?post=5201"}],"curies":[{"name":"wp","href":"https:\/\/api.w.org\/{rel}","templated":true}]}}