{"id":5220,"date":"2026-03-16T12:30:52","date_gmt":"2026-03-16T11:30:52","guid":{"rendered":"https:\/\/preventademo.uccpilot.com\/termekek\/unkategorisiert\/vetera-ddw-25\/"},"modified":"2026-03-18T13:54:48","modified_gmt":"2026-03-18T12:54:48","slug":"vetera-ddw-25","status":"publish","type":"product","link":"https:\/\/preventademo.uccpilot.com\/de\/produkte\/andere-produkte\/vetera-ddw-25\/","title":{"rendered":"VETERA-DDW-25\u00ae"},"content":{"rendered":"<blockquote>\n<div class=\"callout-info\">Wir werden die optimale Zustellungsm\u00f6glichkeit auf Ihre Adresse suchen. Im Falle einer Kreditkartenzahlung werden wir den Zahlungslink f\u00fcr den gesamten Betrag inklusive Lieferkosten, oder im Falle einer Bank\u00fcberweisung die Proforma Rechnung mit den Bankkontoangaben Ihnen per Email zukommen lassen. Bitte beachten Sie, dass der Zahlungslink nach 2-3 Tagen abl\u00e4uft. Falls es vorkommen w\u00fcrde, wiederholen Sie bitte Ihre Bestellung, damit unsere Mitarbeiter einen neuen Zahlungslink erstellen und an Sie per E-mail senden k\u00f6nnen. Vielen Dank!<\/div>\n<\/blockquote>\n<h2>Vetera-DDW-25 Deuterium-abgereichertes Wasser zur adjuvanten Behandlung bei tumorkranken Heimtieren<\/h2>\n<p><strong>Reg. Nr.: 084\/2\/NM\/2023 N\u00c9BIH \u00c1TI<\/strong><br \/>\n<strong>Deuteriumgehalt: 25 ppm<\/strong><\/p>\n<p>Zur adjuvanten Behandlung bei tumorkranken Heimtieren. Die Hauptindikation f\u00fcr Vetera-DDW-25<sup>\u00ae<\/sup>\u00a0ist Vor- und Nachbehandlung bei chirurgischen Eingriffen und Alleinbehandlung bei nicht operierbaren Tumoren.<\/p>\n<p>Verabreichung: Als Trinkwasser oral zu verwenden.<\/p>\n<p><strong>Die wichtigsten Vorteile von Vetera-DDW-25<sup>\u00ae<\/sup><\/strong>:<\/p>\n<ul>\n<li>\n<ul>\n<li>Hohe Wirksamkeit<\/li>\n<li>Keine Nebenwirkungen<\/li>\n<li>Einfache Anwendung<\/li>\n<li>Behandlung zu hause<\/li>\n<\/ul>\n<\/li>\n<\/ul>\n<p>Hersteller: Primavet Produkt GmbH, in Lizenz von HYD GmbH f\u00fcr Krebsforschung und Arzneimittel-Entwicklung.<\/p>\n<p>Empfohlene Tagesdosis je nach K\u00f6rpergewicht:<\/p>\n<table class=\"alkalmazastabla\">\n<tbody>\n<tr>\n<td><strong>K\u00f6rpergewicht<\/strong><\/td>\n<td><strong>Tagesdosis<\/strong><\/td>\n<\/tr>\n<tr>\n<td>1\u20135 kg<\/td>\n<td>40 cm<sup>3<\/sup> (0,4 dl)<\/td>\n<\/tr>\n<tr>\n<td>6\u201310 kg<\/td>\n<td>60 cm<sup>3<\/sup> (0,6 dl)<\/td>\n<\/tr>\n<tr>\n<td>11\u201315 kg<\/td>\n<td>100 cm<sup>3<\/sup> (1 dl)<\/td>\n<\/tr>\n<tr>\n<td>16\u201320 kg<\/td>\n<td>200 cm<sup>3<\/sup> (2 dl)<\/td>\n<\/tr>\n<tr>\n<td>21\u201330 kg<\/td>\n<td>250 cm<sup>3<\/sup> (2,5 dl)<\/td>\n<\/tr>\n<tr>\n<td>31\u201340\u00a0kg<\/td>\n<td>300 cm<sup>3<\/sup> (3 dl)<\/td>\n<\/tr>\n<tr>\n<td>41\u201350 kg<\/td>\n<td>350 cm<sup>3<\/sup> (3,5 dl)<\/td>\n<\/tr>\n<tr>\n<td>51 kg<\/td>\n<td>500 cm<sup>3<\/sup> (5 dl)<\/td>\n<\/tr>\n<\/tbody>\n<\/table>\n<div>Die Tagesdosis sollte wom\u00f6glich in 2 Teilen dem Tier gegeben werden.<\/div>\n<div>\n<p>&nbsp;<\/p>\n<p>Einmal in die Tr\u00e4nke gef\u00fcllt, sollte das Pr\u00e4parat in kurzer Zeit konsumiert werden, da l\u00e4ngerer Kontakt (mehrere Tage) mit der Luft seine Zusammensetzung ung\u00fcnstig beeinflussen kann. S\u00e4uft das Tier die abgef\u00fcllte Menge innerhalb einem Tag nicht, sollte das Wasser weiter nicht verwendet werden. Die Flasche bitte nach dem Gebrauch immer gr\u00fcndlich schlie\u00dfen!<\/p>\n<p>&nbsp;<\/p>\n<p>Kontraindikationen: Bei tr\u00e4chtigen Tieren sollte das Pr\u00e4parat nicht verwendet werden.<\/p>\n<p>Nebenwirkungen: W\u00e4hrend der Anwendung kann Mattigkeit und Schlafs\u00fcchtigkeit auftreten, die aber innerhalb 2-3 Wochen zur\u00fcckgehen bzw. verschwinden.<\/p>\n<p>Warnung: Von Kindern fernhalten!<\/p>\n<p>Haltbarkeit: In unge\u00f6ffneter Verpackung bzw. bei vorschriftsm\u00e4\u00dfiger Lagerung, 2 Jahre von der Herstellung.<\/p>\n<p>Chargennummer und Verfallsdatum: Siehe an der Flasche. Nach dem Verfallsdatum nicht mehr verwenden!<\/p>\n<p>Lagerung: Frost- und lichtgesch\u00fctzt bei maximal 25\u00b0C.<\/p>\n<p>Verpackung: 1,0 l Poly\u00e4thylenflaschen<\/p>\n<p>Nur zur Anwendung in der Tiermedizin und Tierpflege!<\/p>\n<p>Entsorgung unverbrauchter Reste und Abf\u00e4lle: keine besonderen Vorschriften.<\/p>\n<\/div>\n<div><\/div>\n<div>\n<blockquote>\n<div class=\"callout-info\"><strong>1. Schritt:<\/strong> W\u00e4hlen Sie die zu bestellenden Produkte und schicken Sie diese in den Warenkorb. Dann klicken Sie ZUR BESTELLUNG.<br \/>\n<strong>2. Schritt:<\/strong> Geben Sie die Rechnungs- und Lieferangaben ein, w\u00e4hlen Sie die Zahlungsmethode, und klicken Sie BESTELLUNG ABSCHICKEN.<br \/>\n<strong>3. Schritt:<\/strong> Sie bekommen eine Bestellungsbest\u00e4tigung per Email.<br \/>\n<strong>4. Schritt:<\/strong> Wir w\u00e4hlen das optimale Lieferangebot zu Ihrer Adresse und senden eine Proforma-Rechnung per Email. (Es dauert meistens 1-2 Tage bis wir die Lieferkosten erhalten).<br \/>\n<strong>5. Schritt:<\/strong> Zahlung wird entsprechend Ihrer Wahl erledigt:<br \/>\n<em>Kreditkarte:<\/em> Sie erhalten die Proforma-Rechnung per Email mit dem Kreditkarten-Zahlungslink. Durch Klicken geraten Sie an die Seite SimplePay, wo Sie die Kreditkartenangaben eingeben und die Zahlung erledigen k\u00f6nnen.<br \/>\n<em>\u00dcberweisung:<\/em> Sie erhalten die Proforma-Rechnung per Email mit allen Bankkontoangaben. Bitte die Endsumme \u00fcberweisen.<br \/>\n<strong>6. Schritt:<\/strong> Sobald wir die Zahlung erhalten, erfolgt der Versand auf die Lieferadresse.<\/div>\n<\/blockquote>\n<\/div>\n","protected":false},"excerpt":{"rendered":"<p>Wir werden die optimale Zustellungsm\u00f6glichkeit auf Ihre Adresse suchen. Im Falle einer Kreditkartenzahlung werden wir den Zahlungslink f\u00fcr den gesamten Betrag inklusive [&hellip;]<\/p>\n","protected":false},"featured_media":4302,"template":"","meta":{"_acf_changed":false},"product_brand":[],"product_cat":[377],"product_tag":[],"class_list":{"0":"post-5220","1":"product","2":"type-product","3":"status-publish","4":"has-post-thumbnail","6":"product_cat-andere-produkte","8":"first","9":"instock","10":"shipping-taxable","11":"purchasable","12":"product-type-simple"},"acf":[],"_links":{"self":[{"href":"https:\/\/preventademo.uccpilot.com\/de\/wp-json\/wp\/v2\/product\/5220","targetHints":{"allow":["GET"]}}],"collection":[{"href":"https:\/\/preventademo.uccpilot.com\/de\/wp-json\/wp\/v2\/product"}],"about":[{"href":"https:\/\/preventademo.uccpilot.com\/de\/wp-json\/wp\/v2\/types\/product"}],"wp:featuredmedia":[{"embeddable":true,"href":"https:\/\/preventademo.uccpilot.com\/de\/wp-json\/wp\/v2\/media\/4302"}],"wp:attachment":[{"href":"https:\/\/preventademo.uccpilot.com\/de\/wp-json\/wp\/v2\/media?parent=5220"}],"wp:term":[{"taxonomy":"product_brand","embeddable":true,"href":"https:\/\/preventademo.uccpilot.com\/de\/wp-json\/wp\/v2\/product_brand?post=5220"},{"taxonomy":"product_cat","embeddable":true,"href":"https:\/\/preventademo.uccpilot.com\/de\/wp-json\/wp\/v2\/product_cat?post=5220"},{"taxonomy":"product_tag","embeddable":true,"href":"https:\/\/preventademo.uccpilot.com\/de\/wp-json\/wp\/v2\/product_tag?post=5220"}],"curies":[{"name":"wp","href":"https:\/\/api.w.org\/{rel}","templated":true}]}}