{"id":5364,"date":"2026-03-18T15:20:43","date_gmt":"2026-03-18T14:20:43","guid":{"rendered":"https:\/\/preventademo.uccpilot.com\/termekek\/unkategorisiert\/preventa-tudastar\/"},"modified":"2026-03-18T15:54:52","modified_gmt":"2026-03-18T14:54:52","slug":"preventa-infobroschuere","status":"publish","type":"product","link":"https:\/\/preventademo.uccpilot.com\/de\/produkte\/andere-produkte\/preventa-infobroschuere\/","title":{"rendered":"Preventa Infobrosch\u00fcre"},"content":{"rendered":"<blockquote>\n<div class=\"callout-info\">Wir werden die optimale Zustellungsm\u00f6glichkeit auf Ihre Adresse suchen. Im Falle einer Kreditkartenzahlung werden wir den Zahlungslink f\u00fcr den gesamten Betrag inklusive Lieferkosten, oder im Falle einer Bank\u00fcberweisung die Proforma Rechnung mit den Bankkontoangaben Ihnen per Email zukommen lassen. Bitte beachten Sie, dass der Zahlungslink nach 2-3 Tagen abl\u00e4uft. Falls es vorkommen w\u00fcrde, wiederholen Sie bitte Ihre Bestellung, damit unsere Mitarbeiter einen neuen Zahlungslink erstellen und an Sie per E-mail senden k\u00f6nnen. Vielen Dank!<\/div>\n<\/blockquote>\n<h2>Preventa Infobrosch\u00fcre<\/h2>\n<p>Die Preventa-Infobrosch\u00fcre fasst die wichtigsten Informationen \u00fcber Deuterium und Deuteriumentzug in kurzer und allgemein verst\u00e4ndlicher Form zusammen. Dieses B\u00fcchlein gibt Informationen \u00fcber das auf Deuteriumentzug basierte Verfahren sowie \u00fcber die M\u00f6glichkeiten und die Wichtigkeit dessen Anwendung in der Gesundheitserhaltung.<\/p>\n","protected":false},"excerpt":{"rendered":"<p>Wir werden die optimale Zustellungsm\u00f6glichkeit auf Ihre Adresse suchen. Im Falle einer Kreditkartenzahlung werden wir den Zahlungslink f\u00fcr den gesamten Betrag inklusive [&hellip;]<\/p>\n","protected":false},"featured_media":4678,"template":"","meta":{"_acf_changed":false},"product_brand":[],"product_cat":[377],"product_tag":[],"class_list":{"0":"post-5364","1":"product","2":"type-product","3":"status-publish","4":"has-post-thumbnail","6":"product_cat-andere-produkte","8":"first","9":"instock","10":"shipping-taxable","11":"purchasable","12":"product-type-simple"},"acf":[],"_links":{"self":[{"href":"https:\/\/preventademo.uccpilot.com\/de\/wp-json\/wp\/v2\/product\/5364","targetHints":{"allow":["GET"]}}],"collection":[{"href":"https:\/\/preventademo.uccpilot.com\/de\/wp-json\/wp\/v2\/product"}],"about":[{"href":"https:\/\/preventademo.uccpilot.com\/de\/wp-json\/wp\/v2\/types\/product"}],"wp:featuredmedia":[{"embeddable":true,"href":"https:\/\/preventademo.uccpilot.com\/de\/wp-json\/wp\/v2\/media\/4678"}],"wp:attachment":[{"href":"https:\/\/preventademo.uccpilot.com\/de\/wp-json\/wp\/v2\/media?parent=5364"}],"wp:term":[{"taxonomy":"product_brand","embeddable":true,"href":"https:\/\/preventademo.uccpilot.com\/de\/wp-json\/wp\/v2\/product_brand?post=5364"},{"taxonomy":"product_cat","embeddable":true,"href":"https:\/\/preventademo.uccpilot.com\/de\/wp-json\/wp\/v2\/product_cat?post=5364"},{"taxonomy":"product_tag","embeddable":true,"href":"https:\/\/preventademo.uccpilot.com\/de\/wp-json\/wp\/v2\/product_tag?post=5364"}],"curies":[{"name":"wp","href":"https:\/\/api.w.org\/{rel}","templated":true}]}}