{"id":5369,"date":"2026-03-18T15:31:48","date_gmt":"2026-03-18T14:31:48","guid":{"rendered":"https:\/\/preventademo.uccpilot.com\/termekek\/unkategorisiert\/preventa-laskagomba-kapszula\/"},"modified":"2026-03-18T15:56:56","modified_gmt":"2026-03-18T14:56:56","slug":"preventa-austernpilz-kapseln","status":"publish","type":"product","link":"https:\/\/preventademo.uccpilot.com\/de\/produkte\/andere-produkte\/preventa-austernpilz-kapseln\/","title":{"rendered":"Preventa Austernpilz Kapseln"},"content":{"rendered":"<blockquote>\n<div class=\"callout-info\">Wir werden die optimale Zustellungsm\u00f6glichkeit auf Ihre Adresse suchen. Im Falle einer Kreditkartenzahlung werden wir den Zahlungslink f\u00fcr den gesamten Betrag inklusive Lieferkosten, oder im Falle einer Bank\u00fcberweisung die Proforma Rechnung mit den Bankkontoangaben Ihnen per Email zukommen lassen. Bitte beachten Sie, dass der Zahlungslink nach 2-3 Tagen abl\u00e4uft. Falls es vorkommen w\u00fcrde, wiederholen Sie bitte Ihre Bestellung, damit unsere Mitarbeiter einen neuen Zahlungslink erstellen und an Sie per E-mail senden k\u00f6nnen. Vielen Dank!<\/div>\n<\/blockquote>\n<h2>Preventa Austernpilz Kapseln<\/h2>\n<p><strong>Deuterium-abgereichertes Nahrungserg\u00e4nzungsmittel<\/strong><\/p>\n<p>&nbsp;<\/p>\n<p>Austernpilz (Pleurotus ostreatus) wird weltweit in gro\u00dfen Mengen kultiviert. In der europ\u00e4ischen K\u00fcche wird er seit Ende des 20. Jahrhunderts benutzt. Der Pilz ist eine hervorragende Quelle von Kalium, Phosphor und Magnesium, enth\u00e4lt gro\u00dfe Mengen Ballaststoffe, und ist auch reich an Vitaminen B und D, sowie Spurenelementen z.B. Zink, Bor und Kupfer. Mit niedrigem Natrium-, Eiwei\u00df-, Kohlenhydrat- und Fellgehalt passt der Pilz in jede Di\u00e4t, und kann auch bei Herz-Kreislaufproblemen empfohlen werden.<\/p>\n<p>Die vorteilhaften Gesundheitswirkungen des Austernpilzes waren in China seit Jahrhunderten bekannt. Bei regelm\u00e4\u00dfigem Verzehr wird die Widerstandsf\u00e4higkeit des Organismus gest\u00e4rkt, der Stoffwechsel verbessert, Cholesterin- und Zuckerspiegel des Bluts geregelt. Der Pilz wirkt positiv auf den Blutdruck, die Blutgef\u00e4\u00dfe, und auf die Muskeln und Gelenke.<\/p>\n<p>Der\u00a0<strong>deuterium-abgereicherte Austernpilzextrakt Preventa<\/strong>\u00a0ist das einzige zu 100% nat\u00fcrliche Austernpilz-Erzeugnis, das aus Anbau unter Verwendung von Wasser mit auf 85 ppm reduziertem Deuteriumgehalt stammt. Die organischen Molek\u00fcle im Pilzpulver enthalten Deuterium in niedriger Konzentration, so dass sein Konsum zur Minderung des Deuteriumspiegels im K\u00f6rper beitragen kann.<\/p>\n<p><strong>Verpackungseinheit:<\/strong>\u00a0120 Stk.\/Packung<br \/>\n<strong>Nettogewicht:<\/strong>\u00a039,6 g\/120 Stk. Kapseln<\/p>\n<p><strong>Zusammensetzung:<\/strong>\u00a0100% nat\u00fcrliches, getrocknetes Austernpilzpulver.<br \/>\n<strong>Totaler Polysacharidgehalt:<\/strong>\u00a06,2 mg \u00b1 0,54 mg pro Kapsel.<br \/>\n<strong>Andere Inhaltsstoffe:<\/strong>\u00a02% Talkum, 1% Magnesium stearat.<\/p>\n<p>Zur Kultivierung von Pleurotus ostreatus wurde deuterium-abgereichertes Wasser (85 ppm D) gebraucht.<\/p>\n<p><strong>Zulassungsnummer:<\/strong>\u00a024917\/2020 OGY\u00c9I<\/p>\n<p><strong>Empfohlene Dosierung:<\/strong>\u00a02&#215;1-2 Kapseln pro Tag, vor den Mahlzeiten, mit viel Wasser, ohne Kauen, 1-3 Monate lang einnehmen.<\/p>\n<p><strong>Vertreiber:<\/strong>\u00a0HYD GmbH f\u00fcr Krebsforschung und Arzneimittel-Entwicklung, Vill\u00e1nyi \u00fat 97., Budapest, H-1118 Ungarn.<br \/>\n<strong>Hersteller:<\/strong>\u00a0Esentico GmbH, unter Lizenz von HYD GmbH f\u00fcr Krebsforschung und Arzneimittel-Entwicklung (Vill\u00e1nyi \u00fat 97., Budapest, H-1118 Ungarn,Tel.: +36 1 365 1660).<\/p>\n<p><strong>Aufbewahrung:<\/strong>\u00a0Die Kapseln sollten an einem trockenen Ort, unter 25 \u00b0C Temperatur aufbewahrt werden.<\/p>\n<p><strong>Warnung!<\/strong>\u00a0Die Kapseln ersetzen die ausgewogene, vielf\u00e4ltige Ern\u00e4hrung und die gesunde Lebensweise nicht.<\/p>\n<blockquote>\n<div class=\"callout-info\"><strong>1. Schritt:<\/strong>\u00a0W\u00e4hlen Sie die zu bestellenden Produkte und schicken Sie diese in den Warenkorb. Dann klicken Sie ZUR BESTELLUNG.<br \/>\n<strong>2. Schritt:<\/strong>\u00a0Geben Sie die Rechnungs- und Lieferangaben ein, w\u00e4hlen Sie die Zahlungsmethode, und klicken Sie BESTELLUNG ABSCHICKEN.<br \/>\n<strong>3. Schritt:<\/strong>\u00a0Sie bekommen eine Bestellungsbest\u00e4tigung per Email.<br \/>\n<strong>4. Schritt:<\/strong>\u00a0Wir w\u00e4hlen das optimale Lieferangebot zu Ihrer Adresse und senden eine Proforma-Rechnung per Email. (Es dauert meistens 1-2 Tage bis wir die Lieferkosten erhalten).<br \/>\n<strong>5. Schritt:<\/strong>\u00a0Zahlung wird entsprechend Ihrer Wahl erledigt:<br \/>\n<em>Kreditkarte:<\/em>\u00a0Sie erhalten die Proforma-Rechnung per Email mit dem Kreditkarten-Zahlungslink. Durch Klicken geraten Sie an die Seite SimplePay, wo Sie die Kreditkartenangaben eingeben und die Zahlung erledigen k\u00f6nnen.<br \/>\n<em>\u00dcberweisung:<\/em>\u00a0Sie erhalten die Proforma-Rechnung per Email mit allen Bankkontoangaben. Bitte die Endsumme \u00fcberweisen.<br \/>\n<strong>6. Schritt:<\/strong>\u00a0Sobald wir die Zahlung erhalten, erfolgt der Versand auf die Lieferadresse.<\/div>\n<\/blockquote>\n","protected":false},"excerpt":{"rendered":"<p>Wir werden die optimale Zustellungsm\u00f6glichkeit auf Ihre Adresse suchen. Im Falle einer Kreditkartenzahlung werden wir den Zahlungslink f\u00fcr den gesamten Betrag inklusive [&hellip;]<\/p>\n","protected":false},"featured_media":5370,"template":"","meta":{"_acf_changed":false},"product_brand":[],"product_cat":[377],"product_tag":[],"class_list":{"0":"post-5369","1":"product","2":"type-product","3":"status-publish","4":"has-post-thumbnail","6":"product_cat-andere-produkte","8":"first","9":"instock","10":"shipping-taxable","11":"purchasable","12":"product-type-simple"},"acf":[],"_links":{"self":[{"href":"https:\/\/preventademo.uccpilot.com\/de\/wp-json\/wp\/v2\/product\/5369","targetHints":{"allow":["GET"]}}],"collection":[{"href":"https:\/\/preventademo.uccpilot.com\/de\/wp-json\/wp\/v2\/product"}],"about":[{"href":"https:\/\/preventademo.uccpilot.com\/de\/wp-json\/wp\/v2\/types\/product"}],"wp:featuredmedia":[{"embeddable":true,"href":"https:\/\/preventademo.uccpilot.com\/de\/wp-json\/wp\/v2\/media\/5370"}],"wp:attachment":[{"href":"https:\/\/preventademo.uccpilot.com\/de\/wp-json\/wp\/v2\/media?parent=5369"}],"wp:term":[{"taxonomy":"product_brand","embeddable":true,"href":"https:\/\/preventademo.uccpilot.com\/de\/wp-json\/wp\/v2\/product_brand?post=5369"},{"taxonomy":"product_cat","embeddable":true,"href":"https:\/\/preventademo.uccpilot.com\/de\/wp-json\/wp\/v2\/product_cat?post=5369"},{"taxonomy":"product_tag","embeddable":true,"href":"https:\/\/preventademo.uccpilot.com\/de\/wp-json\/wp\/v2\/product_tag?post=5369"}],"curies":[{"name":"wp","href":"https:\/\/api.w.org\/{rel}","templated":true}]}}