{"id":4374,"date":"2026-01-30T13:02:44","date_gmt":"2026-01-30T12:02:44","guid":{"rendered":"https:\/\/preventademo.uccpilot.com\/about-vetera-ddw-25\/f\/"},"modified":"2026-02-12T14:52:16","modified_gmt":"2026-02-12T13:52:16","slug":"preventa-for-athletes","status":"publish","type":"page","link":"https:\/\/preventademo.uccpilot.com\/en\/about-preventa\/preventa-for-athletes\/","title":{"rendered":"Preventa for Athletes"},"content":{"rendered":"<div id=\"pl-4374\"  class=\"panel-layout\" ><div id=\"pg-4374-0\"  class=\"panel-grid panel-has-style\" ><div class=\"justifytext panel-row-style panel-row-style-for-4374-0\" style=\"padding: 0px 0; \" data-overlay=\"true\" data-overlay-color=\"#000000\" ><div id=\"pgc-4374-0-0\"  class=\"panel-grid-cell\" ><div id=\"panel-4374-0-0-0\" class=\"so-panel widget widget_sow-editor panel-first-child panel-last-child\" data-index=\"0\" ><div style=\"text-align: left;\" data-title-color=\"#443f3f\" data-headings-color=\"#443f3f\" class=\"panel-widget-style panel-widget-style-for-4374-0-0-0\" ><div\n\t\t\t\n\t\t\tclass=\"so-widget-sow-editor so-widget-sow-editor-base\"\n\t\t\t\n\t\t><h3 class=\"widget-title\">Preventa for Athletes<\/h3>\n<div class=\"siteorigin-widget-tinymce textwidget\">\n\t<div id=\"inner_content-3-165\" class=\"ct-inner-content\">\n<div id=\"inner_content-3-165\" class=\"ct-inner-content\">\n<p class=\"has-text-align-justify\">The effect of deuterium depletion on physical performance has been investigated in sports medicine studies.<\/p>\n<p class=\"has-text-align-justify\">\nThe participants of the study conducted by the National Institute of Sports Medicine, members of the Hungarian national rowing team, consumed Preventa drinking water with 105 ppm deuterium content in the treated group and normal drinking water in the control group during the 44-day study, and were submitted to the usual ergometric loading tests. The results showed that the athletes who consumed Preventa with 105 ppm deuterium mastered the loading tests with better physiological parameters than those in the control group, who consumed normal drinking water and could compensate the metabolic effects of the load better.<\/p>\n<p>On effect of the reduced deuterium content, the tissues went into hypoxic state later, mobilization of glucose was improved, and lactic acid level increased more slowly.<\/p>\n<p>The test results and the athletes\u2019 subjective experiences were in unison, that is, after consuming Preventa they showed better performance, regenerated faster, and had improved stamina. Preventa may thus be suitable for improving the performance of the organism in situations with increased physical load.<\/p>\n<p class=\"has-text-align-justify\">Gy\u00f6re I., Somlyai G. (2005) Cs\u00f6kkentett deut\u00e9rium tartalm\u00fa iv\u00f3v\u00edz hat\u00e1sa a teljes\u00edt\u0151k\u00e9pess\u00e9gre sportol\u00f3kn\u00e1l\/The effect of deuterium depleted drinking water on the performance of sportsmen. Sportorvosi Szemle\/Hungarian Review of Sports Medicine 46\/1:27-38.<\/p>\n<\/div>\n<\/div>\n<\/div>\n<\/div><\/div><\/div><\/div><\/div><\/div><\/div>","protected":false},"excerpt":{"rendered":"<p>The effect of deuterium depletion on physical performance has been investigated in sports medicine studies. The participants of the study conducted by [&hellip;]<\/p>\n","protected":false},"author":1,"featured_media":0,"parent":4368,"menu_order":0,"comment_status":"closed","ping_status":"closed","template":"page-templates\/page_front-page.php","meta":{"_acf_changed":false,"footnotes":""},"class_list":["post-4374","page","type-page","status-publish","hentry"],"acf":[],"_links":{"self":[{"href":"https:\/\/preventademo.uccpilot.com\/en\/wp-json\/wp\/v2\/pages\/4374","targetHints":{"allow":["GET"]}}],"collection":[{"href":"https:\/\/preventademo.uccpilot.com\/en\/wp-json\/wp\/v2\/pages"}],"about":[{"href":"https:\/\/preventademo.uccpilot.com\/en\/wp-json\/wp\/v2\/types\/page"}],"author":[{"embeddable":true,"href":"https:\/\/preventademo.uccpilot.com\/en\/wp-json\/wp\/v2\/users\/1"}],"replies":[{"embeddable":true,"href":"https:\/\/preventademo.uccpilot.com\/en\/wp-json\/wp\/v2\/comments?post=4374"}],"version-history":[{"count":2,"href":"https:\/\/preventademo.uccpilot.com\/en\/wp-json\/wp\/v2\/pages\/4374\/revisions"}],"predecessor-version":[{"id":4877,"href":"https:\/\/preventademo.uccpilot.com\/en\/wp-json\/wp\/v2\/pages\/4374\/revisions\/4877"}],"up":[{"embeddable":true,"href":"https:\/\/preventademo.uccpilot.com\/en\/wp-json\/wp\/v2\/pages\/4368"}],"wp:attachment":[{"href":"https:\/\/preventademo.uccpilot.com\/en\/wp-json\/wp\/v2\/media?parent=4374"}],"curies":[{"name":"wp","href":"https:\/\/api.w.org\/{rel}","templated":true}]}}