{"id":4835,"date":"2026-02-12T14:23:40","date_gmt":"2026-02-12T13:23:40","guid":{"rendered":"https:\/\/preventademo.uccpilot.com\/szaktanacsadas\/"},"modified":"2026-03-26T14:00:20","modified_gmt":"2026-03-26T13:00:20","slug":"ask-our-expert","status":"publish","type":"page","link":"https:\/\/preventademo.uccpilot.com\/en\/ask-our-expert\/","title":{"rendered":"Ask our expert"},"content":{"rendered":"<div id=\"pl-4835\"  class=\"panel-layout\" ><div id=\"pg-4835-0\"  class=\"panel-grid panel-has-style\" ><div style=\"padding: 0px 0; \" data-overlay=\"true\" data-overlay-color=\"#000000\" class=\"panel-row-style panel-row-style-for-4835-0\" ><div id=\"pgc-4835-0-0\"  class=\"panel-grid-cell\" ><div id=\"panel-4835-0-0-0\" class=\"so-panel widget widget_sow-editor panel-first-child panel-last-child\" data-index=\"0\" ><div style=\"text-align: left;\" data-title-color=\"#443f3f\" data-headings-color=\"#443f3f\" class=\"panel-widget-style panel-widget-style-for-4835-0-0-0\" ><div\n\t\t\t\n\t\t\tclass=\"so-widget-sow-editor so-widget-sow-editor-base\"\n\t\t\t\n\t\t><h3 class=\"widget-title\">Ask our expert<\/h3>\n<div class=\"siteorigin-widget-tinymce textwidget\">\n\t<div class=\"siteorigin-widget-tinymce textwidget\">For personalized advice, please, contact our experts via phone or in e-mail.<\/div>\n<div class=\"siteorigin-widget-tinymce textwidget\">\n<div class=\"wp-block-column\">\n<div class=\"wp-block-image\">\n<figure class=\"alignleft size-full is-resized\"><img loading=\"lazy\" decoding=\"async\" class=\"alignnone size-full wp-image-4826\" src=\"https:\/\/preventademo.uccpilot.com\/wp-content\/uploads\/2026\/02\/Dr-Debrodi-Maria.jpg\" alt=\"\" width=\"130\" height=\"173\" \/><figcaption>Dr. M\u00e1ria Debr\u0151di - medical advisor<\/figcaption><\/figure>\n<\/div>\n<\/div>\n<div class=\"wp-block-column\">\n<div class=\"wp-block-column\">\n<p>Dr. M\u00e1ria Debr\u0151di - medical advisor<br \/>\nTel.: +36 1 365 1660<br \/>\nE-mail: info@preventa.hu<br \/>\nAddress: Feh\u00e9rv\u00e1ri \u00fat 79., Budapest, H-1119<\/p>\n<\/div>\n<\/div>\n<\/div>\n<\/div>\n<\/div><\/div><\/div><\/div><\/div><\/div><\/div>","protected":false},"excerpt":{"rendered":"<p>For personalized advice, please, contact our experts via phone or in e-mail. Dr. M\u00e1ria Debr\u0151di &#8211; medical advisor Dr. M\u00e1ria Debr\u0151di &#8211; [&hellip;]<\/p>\n","protected":false},"author":1,"featured_media":0,"parent":0,"menu_order":0,"comment_status":"closed","ping_status":"closed","template":"page-templates\/page_front-page.php","meta":{"_acf_changed":false,"footnotes":""},"class_list":["post-4835","page","type-page","status-publish","hentry"],"acf":[],"_links":{"self":[{"href":"https:\/\/preventademo.uccpilot.com\/en\/wp-json\/wp\/v2\/pages\/4835","targetHints":{"allow":["GET"]}}],"collection":[{"href":"https:\/\/preventademo.uccpilot.com\/en\/wp-json\/wp\/v2\/pages"}],"about":[{"href":"https:\/\/preventademo.uccpilot.com\/en\/wp-json\/wp\/v2\/types\/page"}],"author":[{"embeddable":true,"href":"https:\/\/preventademo.uccpilot.com\/en\/wp-json\/wp\/v2\/users\/1"}],"replies":[{"embeddable":true,"href":"https:\/\/preventademo.uccpilot.com\/en\/wp-json\/wp\/v2\/comments?post=4835"}],"version-history":[{"count":4,"href":"https:\/\/preventademo.uccpilot.com\/en\/wp-json\/wp\/v2\/pages\/4835\/revisions"}],"predecessor-version":[{"id":5421,"href":"https:\/\/preventademo.uccpilot.com\/en\/wp-json\/wp\/v2\/pages\/4835\/revisions\/5421"}],"wp:attachment":[{"href":"https:\/\/preventademo.uccpilot.com\/en\/wp-json\/wp\/v2\/media?parent=4835"}],"curies":[{"name":"wp","href":"https:\/\/api.w.org\/{rel}","templated":true}]}}